{"id":803,"date":"2025-09-11T07:38:06","date_gmt":"2025-09-11T07:38:06","guid":{"rendered":"https:\/\/myrootsconsulting.com\/informativa-sulla-privacy\/"},"modified":"2025-09-24T20:10:55","modified_gmt":"2025-09-24T20:10:55","slug":"informativa-sulla-privacy","status":"publish","type":"page","link":"https:\/\/myrootsconsulting.com\/it\/informativa-sulla-privacy\/","title":{"rendered":"Informativa sulla privacy"},"content":{"rendered":"\n<section  class='av_textblock_section av-qa4w-09f2c1e29f9ef53ad90e973c88c65e92 '   itemscope=\"itemscope\" itemtype=\"https:\/\/schema.org\/CreativeWork\" ><div class='avia_textblock'  itemprop=\"text\" ><div class=\"liste\">\n<p>In questa informativa sulla privacy spieghiamo come raccogliamo ed elaboriamo i dati personali in relazione al nostro sito web. I dati personali sono tutte le informazioni che si riferiscono a una persona identificata o identificabile. <\/p>\n<ol>\n<li><strong>Responsabile di questo sito<\/strong><br \/>\nMy Roots Consulting<br \/>\n\u2105 Sarah Ineichen<br \/>\nNeubr\u00fcckstrasse 51<br \/>\n3012 Bern<br \/>\nIndirizzo e-mail: <a href=\"mailto:datenschutz@myrootsconsulting.com\">datenschutz@myrootsconsulting.com<\/a><br \/>\nRealizzazione tecnica del sito: <a href=\"https:\/\/samkrieg.ch\" target=\"_blank\" rel=\"noopener\">Sam Krieg<\/a><br \/>\nFoto:<\/li>\n<li><strong>Raccolta ed elaborazione dei tuoi dati personali<\/strong><br \/>\nRaccogliamo dati personali in vari modi. Tra questi, le tue richieste di informazioni e l&#8217;utilizzo del nostro sito web. <\/p>\n<ol>\n<li><strong>Informazioni fornite dall&#8217;utente<\/strong><br \/>\nI dati personali vengono raccolti da noi quando l&#8217;utente ci invia un&#8217;e-mail o effettua una richiesta di informazioni utilizzando, ad esempio, il modulo di contatto. I dati che ci fornisci saranno archiviati da noi e utilizzati per elaborare la tua richiesta. <\/li>\n<li><strong>Informazioni raccolte automaticamente quando visiti il sito web<\/strong><br \/>\nQuando visiti il nostro sito web, alcune informazioni vengono raccolte automaticamente. Queste includono il browser utilizzato, il sistema operativo, le impostazioni, la data e l&#8217;ora di visualizzazione della pagina, l&#8217;indirizzo IP, le pagine visitate e il contenuto visualizzato. Questi dati vengono raccolti automaticamente non appena accedi al nostro sito web. Utilizziamo questi dati per fornire le funzionalit\u00e0 del sito web e per garantire un funzionamento corretto e sicuro. Inoltre, analizziamo questi dati in modo statistico per determinare, ad esempio, quali sono le pagine visitate pi\u00f9 frequentemente e quanto traffico c&#8217;\u00e8 in determinati momenti. L&#8217;analisi viene effettuata su base aggregata senza che questi dati possano essere ricondotti alla tua persona. Utilizziamo le conoscenze acquisite in questo modo per migliorare e sviluppare ulteriormente il nostro sito web e le nostre offerte.      <\/li>\n<li><strong>Altre finalit\u00e0<\/strong><br \/>\nOltre alle finalit\u00e0 sopra citate, ci riserviamo il diritto di utilizzare i dati personali raccolti per far valere i nostri diritti legali, per difenderci in controversie legali o procedimenti ufficiali e per prevenire o indagare su reati penali o sull&#8217;uso improprio dei nostri servizi.<\/li>\n<\/ol>\n<\/li>\n<li><strong>Cookie, strumenti di analisi e altre tecnologie<\/strong>\n<ol>\n<li><strong>Cookie in generale<\/strong><br \/>\nSul nostro sito web utilizziamo i cookie. Si tratta di file di testo che vengono memorizzati sul dispositivo dell&#8217;utente e che raccolgono informazioni sui visitatori e sull&#8217;utilizzo del nostro sito web. I cookie consentono di riconoscere l&#8217;utente e servono a rendere il nostro sito web pi\u00f9 facile da usare, efficace e sicuro. La maggior parte dei cookie che utilizziamo sono i cosiddetti &#8220;cookie di sessione&#8221;. Vengono cancellati automaticamente al termine della visita. Altri cookie rimangono sul tuo computer finch\u00e9 non li cancelli. Questi cookie ci permettono di riconoscere il tuo browser alla tua prossima visita. Nelle impostazioni del tuo browser puoi specificare se desideri essere informato quando vengono impostati i cookie, se desideri consentire i cookie solo in determinati casi, se desideri rifiutare i cookie in generale o se desideri che i cookie vengano eliminati automaticamente alla chiusura del browser. Se disattivi i cookie, le funzionalit\u00e0 di questo sito web (ad esempio la selezione della lingua, la visualizzazione ripetuta del banner dei cookie) potrebbero essere limitate.        <\/li>\n<li><strong>Strumenti di analisi<\/strong><br \/>\nUtilizziamo anche cookie e programmi di analisi di fornitori terzi per misurare e analizzare il tuo utilizzo del sito web e per registrare il comportamento degli utenti. Quando visiti il sito web, vengono raccolte informazioni su quando e per quanto tempo viene visitato il sito, su quali pagine vengono visitate, su quali funzioni vengono cliccate e su quali contenuti vengono visualizzati. Questo ci permette di capire meglio come viene utilizzato il sito web. I programmi di terze parti utilizzano cookie, identificatori e tecnologie simili per identificare l&#8217;utente. \u00c8 possibile che queste terze parti traccino l&#8217;utilizzo del sito web da parte dell&#8217;utente, combinino queste informazioni con quelle provenienti da altri siti web tracciati da queste terze parti e utilizzino queste informazioni per i loro scopi. \u00c8 anche possibile che queste informazioni vengano associate all&#8217;utente. Queste terze parti sono responsabili del trattamento dei tuoi dati personali da parte loro e si applicano le loro politiche sulla privacy. I seguenti cookie e programmi di terze parti sono integrati nel nostro sito web:       <\/p>\n<ul>\n<li><strong>Matomo Analytics<\/strong> Matomo si \u00e8 prefissata il compito di restituire agli utenti e ai gestori dei siti web il controllo sull&#8217;utilizzo dei dati e quindi la propriet\u00e0 degli stessi. I dati analizzati sono archiviati sul nostro web hosting. Ci\u00f2 significa che i dati non appartengono a fornitori terzi e non vengono trasmessi a terzi n\u00e9 visualizzati da questi ultimi.  <\/li>\n<\/ul>\n<p>[matomo_opt_out]<\/li>\n<\/ol>\n<\/li>\n<li><strong>Divulgazione dei dati personali<\/strong><br \/>\nNon divulghiamo i dati personali dei visitatori del nostro sito web. Sono esclusi i seguenti casi: <\/p>\n<ul>\n<li>A terzi che sono stati incaricati da noi di fornire servizi per noi, come ad esempio la fornitura di infrastrutture IT o software.<\/li>\n<li>Alle autorit\u00e0 o ad altre terze parti se siamo obbligati per legge a farlo o se \u00e8 necessario per proteggere i nostri interessi, ad esempio per combattere gli abusi o per far valere i nostri diritti.<\/li>\n<li>Se \u00e8 necessario per l&#8217;adempimento di un contratto con te, ad esempio al fornitore di servizi di pagamento incaricato dell&#8217;elaborazione dei pagamenti.<\/li>\n<li>In relazione agli strumenti di analisi e ai cookie di terze parti descritti nella sezione 3.<\/li>\n<li>Ad acquirenti o potenziali acquirenti di una qualsiasi delle nostre attivit\u00e0, societ\u00e0 o altre parti della nostra attivit\u00e0 o in relazione a qualsiasi riorganizzazione, fusione, trasferimento o vendita della nostra attivit\u00e0, dei nostri beni o di qualsiasi parte di essi.<\/li>\n<\/ul>\n<p>I tuoi dati non saranno espressamente trasmessi per scopi pubblicitari. Il sito web e i tuoi dati sono ospitati su server in Svizzera. Non trasmettiamo alcun dato non criptato da questo sito web all&#8217;estero.  <\/li>\n<li><strong>Periodo di conservazione<\/strong><br \/>\nConserviamo i dati personali per il tempo necessario a raggiungere lo scopo per cui sono stati raccolti. Dopodich\u00e9 vengono cancellati o resi anonimi, a meno che non sia necessario conservarli pi\u00f9 a lungo in casi eccezionali, ad esempio a causa di obblighi di conservazione e documentazione previsti dalla legge o nell&#8217;ambito dei nostri interessi legittimi, come la conservazione di prove o la sicurezza informatica. I dati relativi all&#8217;utilizzo del nostro sito web vengono generalmente anonimizzati o cancellati dopo 12 mesi, a meno che non ne abbiamo eccezionalmente bisogno oltre questo periodo, ad esempio per tutelare i nostri legittimi interessi o per combattere gli abusi.  <\/li>\n<li><strong>Sicurezza dei dati<\/strong><br \/>\nQuesto sito web utilizza la crittografia SSL o TLS per garantire la sicurezza e la protezione delle informazioni riservate, come gli ordini o le richieste di informazioni che ci invii tramite il modulo di contatto. Puoi riconoscere una connessione crittografata dal fatto che la riga dell&#8217;indirizzo del tuo browser passa da &#8220;http:\/\/&#8221; a &#8220;https:\/\/&#8221; e nella riga del browser appare il simbolo di un lucchetto. Attivando la crittografia SSL o TLS, i dati che ci trasmetti non possono essere letti da terzi. Tuttavia, desideriamo sottolineare che la trasmissione di dati su Internet (ad esempio quando si comunica via e-mail) pu\u00f2 presentare delle falle nella sicurezza. Una protezione completa dei dati contro l&#8217;accesso da parte di terzi non \u00e8 quindi possibile.    <\/li>\n<li><strong>I tuoi diritti<\/strong><br \/>\nLe persone i cui dati sono trattati da noi hanno il diritto, in conformit\u00e0 alle leggi applicabili in materia di protezione dei dati, di ottenere informazioni sui loro dati personali e, se necessario, di richiederne la rettifica o la cancellazione. Se il nostro trattamento si basa sul tuo consenso, hai il diritto di revocare tale consenso in qualsiasi momento senza che ci\u00f2 influisca sulla liceit\u00e0 del trattamento precedente. Per esercitare tali diritti, ti invitiamo a contattare il punto di contatto indicato nella sezione 1. Inoltre, gli interessati hanno il diritto di presentare un reclamo all&#8217;autorit\u00e0 competente per la protezione dei dati. In Svizzera, l&#8217;autorit\u00e0 competente per la protezione dei dati \u00e8 l&#8217;Incaricato federale della protezione dei dati e delle informazioni (www.edoeb.admin.ch).    <\/li>\n<li><strong>Modifiche alla presente informativa sulla privacy<\/strong><br \/>\nLa presente informativa sulla privacy pu\u00f2 essere modificata in qualsiasi momento. Ti invitiamo a controllare regolarmente questa dichiarazione. La <a href=\"https:\/\/www.fedlex.admin.ch\/eli\/cc\/2022\/491\/de\" target=\"_blank\" rel=\"noopener\">legge federale sulla protezione dei dati (FADP)<\/a> costituisce la base della presente informativa sulla privacy.  <\/p>\n<p>Stato: 18 agosto 2025<\/li>\n<\/ol>\n<\/div>\n<\/div><\/section>\n","protected":false},"excerpt":{"rendered":"","protected":false},"author":1,"featured_media":0,"parent":0,"menu_order":99,"comment_status":"closed","ping_status":"closed","template":"","meta":{"footnotes":""},"class_list":["post-803","page","type-page","status-publish","hentry"],"_links":{"self":[{"href":"https:\/\/myrootsconsulting.com\/it\/wp-json\/wp\/v2\/pages\/803","targetHints":{"allow":["GET"]}}],"collection":[{"href":"https:\/\/myrootsconsulting.com\/it\/wp-json\/wp\/v2\/pages"}],"about":[{"href":"https:\/\/myrootsconsulting.com\/it\/wp-json\/wp\/v2\/types\/page"}],"author":[{"embeddable":true,"href":"https:\/\/myrootsconsulting.com\/it\/wp-json\/wp\/v2\/users\/1"}],"replies":[{"embeddable":true,"href":"https:\/\/myrootsconsulting.com\/it\/wp-json\/wp\/v2\/comments?post=803"}],"version-history":[{"count":2,"href":"https:\/\/myrootsconsulting.com\/it\/wp-json\/wp\/v2\/pages\/803\/revisions"}],"predecessor-version":[{"id":805,"href":"https:\/\/myrootsconsulting.com\/it\/wp-json\/wp\/v2\/pages\/803\/revisions\/805"}],"wp:attachment":[{"href":"https:\/\/myrootsconsulting.com\/it\/wp-json\/wp\/v2\/media?parent=803"}],"curies":[{"name":"wp","href":"https:\/\/api.w.org\/{rel}","templated":true}]}}