{"id":799,"date":"2025-09-09T08:22:49","date_gmt":"2025-09-09T08:22:49","guid":{"rendered":"https:\/\/myrootsconsulting.com\/servizi-di-consulenza-e-supporto\/"},"modified":"2025-09-09T08:22:49","modified_gmt":"2025-09-09T08:22:49","slug":"servizi-di-consulenza-e-supporto","status":"publish","type":"page","link":"https:\/\/myrootsconsulting.com\/it\/servizi-di-consulenza-e-supporto\/","title":{"rendered":"Servizi di consulenza e supporto"},"content":{"rendered":"<p>My Roots Consulting accompagna le persone adottate con un concetto appositamente sviluppato e collaudato nell&#8217;elaborazione della loro storia e nella ricerca delle loro origini. Questo include anche una consulenza individuale e informazioni complete sui test di parentela che utilizzano il test del DNA.<br \/>\nRafforziamo in modo specifico le risorse personali e promuoviamo la responsabilit\u00e0 personale durante l&#8217;intero processo. L&#8217;obiettivo della nostra consulenza \u00e8 quello di chiarire e stabilire la verit\u00e0 sulla storia dell&#8217;adozione individuale, soprattutto nel caso di adozioni illegali.<\/p>\n<p><strong>Gruppo target<\/strong><br \/>\nI servizi di My Roots Consulting sono rivolti alle persone adottate dallo Sri Lanka e da altri paesi d&#8217;origine che risiedono in Svizzera e alle persone adottate dallo Sri Lanka che risiedono all&#8217;estero.<br \/>\nConsulenza in tre lingue<br \/>\nSiamo lieti di offrire i nostri servizi di consulenza in tedesco, francese o inglese.<\/p>\n<p><strong>Moduli e flessibilit\u00e0<\/strong><br \/>\nA seconda del paese d&#8217;origine e delle esigenze individuali, My Roots Consulting offre diversi moduli che comprendono sia il supporto psicosociale che quello amministrativo. In questo modo, ci assicuriamo che ogni persona adottata riceva esattamente il supporto di cui ha bisogno per la ricerca individuale delle proprie origini e per venire a patti con la propria storia. I nostri programmi possono essere combinati in modo flessibile e sono adattati agli obiettivi personali e alle risorse della persona interessata.<\/p>\n<p><strong>Concetto a 5 fasi<\/strong><br \/>\nLa nostra consulenza si basa su un concetto a 5 fasi appositamente sviluppato e sperimentato con successo nella pratica. Questo concetto fornisce un quadro chiaro per un supporto strutturato e personalizzato durante le complesse fasi della ricerca delle origini.<\/p>\n<p><strong>Valutazione ed efficacia<\/strong><br \/>\nIl successo e l&#8217;efficacia di questo approccio sono stati confermati da un rapporto di valutazione indipendente pubblicato nel 2025.<br \/>\nLink al rapporto:<br \/>\n<a href=\"https:\/\/admin.backtotheroots.net\/assets\/inhalt\/downloads\/Berichte\/250131-Bericht-Externe-Analyse-BttR.pdf\">https:\/\/admin.backtotheroots.net\/assets\/inhalt\/downloads\/Berichte\/250131-Bericht-Externe-Analyse-BttR.pdf<\/a><\/p>\n","protected":false},"excerpt":{"rendered":"<p>My Roots Consulting accompagna le persone adottate con un concetto appositamente sviluppato e collaudato nell&#8217;elaborazione della loro storia e nella ricerca delle loro origini. Questo include anche una consulenza individuale e informazioni complete sui test di parentela che utilizzano il test del DNA. Rafforziamo in modo specifico le risorse personali e promuoviamo la responsabilit\u00e0 personale [&hellip;]<\/p>\n","protected":false},"author":1,"featured_media":0,"parent":0,"menu_order":2,"comment_status":"closed","ping_status":"closed","template":"","meta":{"footnotes":""},"class_list":["post-799","page","type-page","status-publish","hentry"],"_links":{"self":[{"href":"https:\/\/myrootsconsulting.com\/it\/wp-json\/wp\/v2\/pages\/799","targetHints":{"allow":["GET"]}}],"collection":[{"href":"https:\/\/myrootsconsulting.com\/it\/wp-json\/wp\/v2\/pages"}],"about":[{"href":"https:\/\/myrootsconsulting.com\/it\/wp-json\/wp\/v2\/types\/page"}],"author":[{"embeddable":true,"href":"https:\/\/myrootsconsulting.com\/it\/wp-json\/wp\/v2\/users\/1"}],"replies":[{"embeddable":true,"href":"https:\/\/myrootsconsulting.com\/it\/wp-json\/wp\/v2\/comments?post=799"}],"version-history":[{"count":0,"href":"https:\/\/myrootsconsulting.com\/it\/wp-json\/wp\/v2\/pages\/799\/revisions"}],"wp:attachment":[{"href":"https:\/\/myrootsconsulting.com\/it\/wp-json\/wp\/v2\/media?parent=799"}],"curies":[{"name":"wp","href":"https:\/\/api.w.org\/{rel}","templated":true}]}}