{"id":747,"date":"2025-09-11T15:40:31","date_gmt":"2025-09-11T15:40:31","guid":{"rendered":"https:\/\/myrootsconsulting.com\/lequipe\/"},"modified":"2025-09-24T20:08:20","modified_gmt":"2025-09-24T20:08:20","slug":"lequipe","status":"publish","type":"page","link":"https:\/\/myrootsconsulting.com\/fr\/lequipe\/","title":{"rendered":"L&rsquo;\u00e9quipe"},"content":{"rendered":"\n<style type=\"text\/css\" data-created_by=\"avia_inline_auto\" id=\"style-css-av-mff39cb5-d2b77b54e718c09d991efd323ecdb82f\">\n#top .hr.hr-invisible.av-mff39cb5-d2b77b54e718c09d991efd323ecdb82f{\nheight:50px;\n}\n<\/style>\n<div  class='hr av-mff39cb5-d2b77b54e718c09d991efd323ecdb82f hr-invisible  avia-builder-el-0  el_before_av_one_half  avia-builder-el-first '><span class='hr-inner '><span class=\"hr-inner-style\"><\/span><\/span><\/div>\n<div class='av-column-wrapper-individual av-mobile-columns-flex av-columns-individual'>\n<style type=\"text\/css\" data-created_by=\"avia_inline_auto\" id=\"style-css-av-b2cct-b4d69eedc2ff0aaf4350b1c449d049de\">\n.flex_column.av-b2cct-b4d69eedc2ff0aaf4350b1c449d049de{\norder:1;\n}\n<\/style>\n<div  class='flex_column av-b2cct-b4d69eedc2ff0aaf4350b1c449d049de av_one_half  avia-builder-el-1  el_after_av_hr  el_before_av_one_half  first flex_column_div  '     ><p>\n<style type=\"text\/css\" data-created_by=\"avia_inline_auto\" id=\"style-css-av-mfcqq17b-72f84bd04a9c762fe69498b7fa963c00\">\n.avia-image-container.av-mfcqq17b-72f84bd04a9c762fe69498b7fa963c00 img.avia_image{\nbox-shadow:none;\n}\n.avia-image-container.av-mfcqq17b-72f84bd04a9c762fe69498b7fa963c00 .av-image-caption-overlay-center{\ncolor:#ffffff;\n}\n<\/style>\n<div  class='avia-image-container av-mfcqq17b-72f84bd04a9c762fe69498b7fa963c00 av-styling- avia-align-center  avia-builder-el-2  el_before_av_textblock  avia-builder-el-first '   itemprop=\"image\" itemscope=\"itemscope\" itemtype=\"https:\/\/schema.org\/ImageObject\" ><div class=\"avia-image-container-inner\"><div class=\"avia-image-overlay-wrap\"><img decoding=\"async\" fetchpriority=\"high\" class='wp-image-318 avia-img-lazy-loading-not-318 avia_image ' src=\"https:\/\/myrootsconsulting.com\/wp-content\/uploads\/2025\/09\/sarah_1.jpg\" alt='Sarah Ineichen' title='sarah_1'  height=\"780\" width=\"780\"  itemprop=\"thumbnailUrl\" srcset=\"https:\/\/myrootsconsulting.com\/wp-content\/uploads\/2025\/09\/sarah_1.jpg 780w, https:\/\/myrootsconsulting.com\/wp-content\/uploads\/2025\/09\/sarah_1-300x300.jpg 300w, https:\/\/myrootsconsulting.com\/wp-content\/uploads\/2025\/09\/sarah_1-80x80.jpg 80w, https:\/\/myrootsconsulting.com\/wp-content\/uploads\/2025\/09\/sarah_1-768x768.jpg 768w, https:\/\/myrootsconsulting.com\/wp-content\/uploads\/2025\/09\/sarah_1-36x36.jpg 36w, https:\/\/myrootsconsulting.com\/wp-content\/uploads\/2025\/09\/sarah_1-180x180.jpg 180w, https:\/\/myrootsconsulting.com\/wp-content\/uploads\/2025\/09\/sarah_1-705x705.jpg 705w, https:\/\/myrootsconsulting.com\/wp-content\/uploads\/2025\/09\/sarah_1-120x120.jpg 120w, https:\/\/myrootsconsulting.com\/wp-content\/uploads\/2025\/09\/sarah_1-450x450.jpg 450w, https:\/\/myrootsconsulting.com\/wp-content\/uploads\/2025\/09\/sarah_1-600x600.jpg 600w, https:\/\/myrootsconsulting.com\/wp-content\/uploads\/2025\/09\/sarah_1-100x100.jpg 100w\" sizes=\"(max-width: 780px) 100vw, 780px\" \/><\/div><\/div><\/div><br \/>\n<section  class='av_textblock_section av-mffl205w-9b0bb44a74bc96afd6736fbef59693c0 '   itemscope=\"itemscope\" itemtype=\"https:\/\/schema.org\/CreativeWork\" ><div class='avia_textblock'  itemprop=\"text\" ><p>Sarah Ineichen<br \/>\n<small>Directrice g\u00e9n\u00e9rale<br \/>\n<a href=\"mailto:sarah@myrootsconsulting.com\">sarah@myrootsconsulting.com<\/a><\/small><\/p>\n<\/div><\/section><\/p><\/div>\n\n<style type=\"text\/css\" data-created_by=\"avia_inline_auto\" id=\"style-css-av-h2v3x-ed55b413914993aa763bfef3f2f3bd37\">\n.flex_column.av-h2v3x-ed55b413914993aa763bfef3f2f3bd37{\norder:0;\n}\n<\/style>\n<div  class='flex_column av-h2v3x-ed55b413914993aa763bfef3f2f3bd37 av_one_half  avia-builder-el-4  el_after_av_one_half  el_before_av_one_half  flex_column_div  '     ><section  class='av_textblock_section av-mfcq8uyq-8de1688266581829ba239ccdca19a66e '   itemscope=\"itemscope\" itemtype=\"https:\/\/schema.org\/CreativeWork\" ><div class='avia_textblock'  itemprop=\"text\" ><p><strong>Notre vision<br \/>\n<\/strong>Toute personne a le droit de conna\u00eetre ses origines. Nous nous engageons \u00e0 ce que les personnes adopt\u00e9es aient acc\u00e8s \u00e0 leur histoire et \u00e0 leur identit\u00e9, dans un cadre prot\u00e9g\u00e9 et respectueux. Notre travail allie comp\u00e9tence professionnelle et compr\u00e9hension profonde des dimensions \u00e9motionnelles de l&rsquo;adoption et de la recherche des origines.<\/p>\n<p><strong>L&rsquo;\u00e9quipe<\/strong><br \/>\nMy Roots Consulting a \u00e9t\u00e9 fond\u00e9e par Sarah Ineichen et Sonja Grass. Tous deux sont engag\u00e9s depuis des ann\u00e9es dans la d\u00e9fense des droits des personnes adopt\u00e9es au Sri Lanka. Ils disposent d&rsquo;une exp\u00e9rience interculturelle, d&rsquo;une expertise psychosociale et d&rsquo;un r\u00e9seau de confiance en Suisse et au Sri Lanka.<\/p>\n<\/div><\/section><\/div><\/div><!--close flex column wrapper. Autoclose: 1 -->\n<div  class='flex_column av-de4qf-9d2d820d3be21bfb06e3b5cbfed4bfb1 av_one_half  avia-builder-el-6  el_after_av_one_half  el_before_av_one_half  first flex_column_div  column-top-margin'     ><p>\n<style type=\"text\/css\" data-created_by=\"avia_inline_auto\" id=\"style-css-av-8iujr-10595a7e852fd19ff9296e4425a68e70\">\n.avia-image-container.av-8iujr-10595a7e852fd19ff9296e4425a68e70 img.avia_image{\nbox-shadow:none;\n}\n.avia-image-container.av-8iujr-10595a7e852fd19ff9296e4425a68e70 .av-image-caption-overlay-center{\ncolor:#ffffff;\n}\n<\/style>\n<div  class='avia-image-container av-8iujr-10595a7e852fd19ff9296e4425a68e70 av-styling- avia-align-center  avia-builder-el-7  el_before_av_textblock  avia-builder-el-first '   itemprop=\"image\" itemscope=\"itemscope\" itemtype=\"https:\/\/schema.org\/ImageObject\" ><div class=\"avia-image-container-inner\"><div class=\"avia-image-overlay-wrap\"><img decoding=\"async\" fetchpriority=\"high\" class='wp-image-308 avia-img-lazy-loading-not-308 avia_image ' src=\"https:\/\/myrootsconsulting.com\/wp-content\/uploads\/2025\/09\/sonja_1.jpg\" alt='Sonja Grass' title='sonja_1'  height=\"780\" width=\"780\"  itemprop=\"thumbnailUrl\" srcset=\"https:\/\/myrootsconsulting.com\/wp-content\/uploads\/2025\/09\/sonja_1.jpg 780w, https:\/\/myrootsconsulting.com\/wp-content\/uploads\/2025\/09\/sonja_1-300x300.jpg 300w, https:\/\/myrootsconsulting.com\/wp-content\/uploads\/2025\/09\/sonja_1-80x80.jpg 80w, https:\/\/myrootsconsulting.com\/wp-content\/uploads\/2025\/09\/sonja_1-768x768.jpg 768w, https:\/\/myrootsconsulting.com\/wp-content\/uploads\/2025\/09\/sonja_1-36x36.jpg 36w, https:\/\/myrootsconsulting.com\/wp-content\/uploads\/2025\/09\/sonja_1-180x180.jpg 180w, https:\/\/myrootsconsulting.com\/wp-content\/uploads\/2025\/09\/sonja_1-705x705.jpg 705w, https:\/\/myrootsconsulting.com\/wp-content\/uploads\/2025\/09\/sonja_1-120x120.jpg 120w, https:\/\/myrootsconsulting.com\/wp-content\/uploads\/2025\/09\/sonja_1-450x450.jpg 450w, https:\/\/myrootsconsulting.com\/wp-content\/uploads\/2025\/09\/sonja_1-600x600.jpg 600w, https:\/\/myrootsconsulting.com\/wp-content\/uploads\/2025\/09\/sonja_1-100x100.jpg 100w\" sizes=\"(max-width: 780px) 100vw, 780px\" \/><\/div><\/div><\/div><br \/>\n<section  class='av_textblock_section av-mffl4sel-2e114dbddba024ead439c65df5cf3558 '   itemscope=\"itemscope\" itemtype=\"https:\/\/schema.org\/CreativeWork\" ><div class='avia_textblock'  itemprop=\"text\" ><p>Sonja Grass<br \/>\n<small>Directeur g\u00e9n\u00e9ral<br \/>\n<a href=\"mailto:sonja@myrootsconsulting.com\">sonja@myrootsconsulting.com<\/a><\/small><\/p>\n<\/div><\/section><\/p><\/div>\n<div  class='flex_column av-80fqn-4de2063ba9a3a5a7160867cf41bb69b1 av_one_half  avia-builder-el-9  el_after_av_one_half  avia-builder-el-last  flex_column_div  column-top-margin'     ><section  class='av_textblock_section av-mffkz7et-0d706bcdff9c7edf791d354127cc5b46 '   itemscope=\"itemscope\" itemtype=\"https:\/\/schema.org\/CreativeWork\" ><div class='avia_textblock'  itemprop=\"text\" ><p><strong>Contact<\/strong><\/p>\n<p>My Roots Consulting<br \/>\nNeubr\u00fcckstrasse 51<br \/>\n3012 Berne<br \/>\nSuisse<\/p>\n<p><a href=\"mailto:info@myrootsconsulting.com\">info@myrootsconsulting.com<\/a><\/p>\n<\/div><\/section><\/div>\n","protected":false},"excerpt":{"rendered":"","protected":false},"author":1,"featured_media":0,"parent":0,"menu_order":3,"comment_status":"closed","ping_status":"closed","template":"","meta":{"footnotes":""},"class_list":["post-747","page","type-page","status-publish","hentry"],"_links":{"self":[{"href":"https:\/\/myrootsconsulting.com\/fr\/wp-json\/wp\/v2\/pages\/747","targetHints":{"allow":["GET"]}}],"collection":[{"href":"https:\/\/myrootsconsulting.com\/fr\/wp-json\/wp\/v2\/pages"}],"about":[{"href":"https:\/\/myrootsconsulting.com\/fr\/wp-json\/wp\/v2\/types\/page"}],"author":[{"embeddable":true,"href":"https:\/\/myrootsconsulting.com\/fr\/wp-json\/wp\/v2\/users\/1"}],"replies":[{"embeddable":true,"href":"https:\/\/myrootsconsulting.com\/fr\/wp-json\/wp\/v2\/comments?post=747"}],"version-history":[{"count":5,"href":"https:\/\/myrootsconsulting.com\/fr\/wp-json\/wp\/v2\/pages\/747\/revisions"}],"predecessor-version":[{"id":763,"href":"https:\/\/myrootsconsulting.com\/fr\/wp-json\/wp\/v2\/pages\/747\/revisions\/763"}],"wp:attachment":[{"href":"https:\/\/myrootsconsulting.com\/fr\/wp-json\/wp\/v2\/media?parent=747"}],"curies":[{"name":"wp","href":"https:\/\/api.w.org\/{rel}","templated":true}]}}