{"id":696,"date":"2025-09-09T08:28:12","date_gmt":"2025-09-09T08:28:12","guid":{"rendered":"https:\/\/myrootsconsulting.com\/autour-de-la-naissance\/"},"modified":"2025-09-09T08:28:12","modified_gmt":"2025-09-09T08:28:12","slug":"autour-de-la-naissance","status":"publish","type":"page","link":"https:\/\/myrootsconsulting.com\/fr\/autour-de-la-naissance\/","title":{"rendered":"Autour de la naissance"},"content":{"rendered":"<p>&nbsp;<\/p>\n<p><strong>La grossesse<\/strong> n\u00e9cessite un accompagnement. En tant que sage-femme, je suis l\u00e0 pour vous, avec mon c\u0153ur, mon expertise et une vision globale. Je vous accompagne avec sensibilit\u00e9 tout au long de cette p\u00e9riode particuli\u00e8re.<\/p>\n<p><strong>Pr\u00e9paration \u00e0 l&rsquo;accouchement<\/strong> &#8211; tr\u00e8s personnelle<br \/>\nJe propose une pr\u00e9paration \u00e0 l&rsquo;accouchement individuelle, adapt\u00e9e \u00e0 vos souhaits et \u00e0 vos besoins.<br \/>\nL&rsquo;accent peut \u00eatre mis sur des th\u00e8mes tels que la grossesse, l&rsquo;accouchement et le post-partum, le r\u00f4le du partenaire, la respiration et les positions d&rsquo;accouchement, la gestion de la douleur de l&rsquo;accouchement et les soins du b\u00e9b\u00e9.<br \/>\nEnsemble, nous d\u00e9terminerons ce qui est important pour vous &#8211; pour une naissance autod\u00e9termin\u00e9e et bien pr\u00e9par\u00e9e.<\/p>\n<p><strong>Suivi du post-partum<\/strong> &#8211; soutien pour les premiers temps \u00e0 la maison<br \/>\nApr\u00e8s l&rsquo;accouchement commence une phase sensible et pr\u00e9cieuse.<br \/>\nJe vous accompagne, vous et votre famille, dans cette p\u00e9riode \u00e0 la maison &#8211; avec des soins sp\u00e9cialis\u00e9s, du calme et de la compr\u00e9hension.<br \/>\nJe vous conseille sur les soins et l&rsquo;alimentation de votre b\u00e9b\u00e9 et je suis \u00e0 votre disposition si vous avez des questions, des incertitudes ou des soucis.<br \/>\nPour que vous puissiez arriver \u00e0 votre propre rythme &#8211; en tant que m\u00e8re, en tant que famille.<\/p>\n<h3>Contact<\/h3>\n<p>e-mail :  <a href=\"mailto:sarah@myrootsconsulting.com\">sarah@myrootsconsulting.com<\/a><\/p>\n","protected":false},"excerpt":{"rendered":"<p>&nbsp; La grossesse n\u00e9cessite un accompagnement. En tant que sage-femme, je suis l\u00e0 pour vous, avec mon c\u0153ur, mon expertise et une vision globale. Je vous accompagne avec sensibilit\u00e9 tout au long de cette p\u00e9riode particuli\u00e8re. Pr\u00e9paration \u00e0 l&rsquo;accouchement &#8211; tr\u00e8s personnelle Je propose une pr\u00e9paration \u00e0 l&rsquo;accouchement individuelle, adapt\u00e9e \u00e0 vos souhaits et \u00e0 [&hellip;]<\/p>\n","protected":false},"author":1,"featured_media":0,"parent":0,"menu_order":15,"comment_status":"closed","ping_status":"closed","template":"","meta":{"footnotes":""},"class_list":["post-696","page","type-page","status-publish","hentry"],"_links":{"self":[{"href":"https:\/\/myrootsconsulting.com\/fr\/wp-json\/wp\/v2\/pages\/696","targetHints":{"allow":["GET"]}}],"collection":[{"href":"https:\/\/myrootsconsulting.com\/fr\/wp-json\/wp\/v2\/pages"}],"about":[{"href":"https:\/\/myrootsconsulting.com\/fr\/wp-json\/wp\/v2\/types\/page"}],"author":[{"embeddable":true,"href":"https:\/\/myrootsconsulting.com\/fr\/wp-json\/wp\/v2\/users\/1"}],"replies":[{"embeddable":true,"href":"https:\/\/myrootsconsulting.com\/fr\/wp-json\/wp\/v2\/comments?post=696"}],"version-history":[{"count":0,"href":"https:\/\/myrootsconsulting.com\/fr\/wp-json\/wp\/v2\/pages\/696\/revisions"}],"wp:attachment":[{"href":"https:\/\/myrootsconsulting.com\/fr\/wp-json\/wp\/v2\/media?parent=696"}],"curies":[{"name":"wp","href":"https:\/\/api.w.org\/{rel}","templated":true}]}}