{"id":658,"date":"2025-09-09T08:27:23","date_gmt":"2025-09-09T08:27:23","guid":{"rendered":"https:\/\/myrootsconsulting.com\/module-4-conseil-et-education-sur-la-confirmation-de-la-parente-au-sri-lanka-par-des-tests-adn\/"},"modified":"2025-09-09T08:27:23","modified_gmt":"2025-09-09T08:27:23","slug":"module-4-conseil-et-education-sur-la-confirmation-de-la-parente-au-sri-lanka-par-des-tests-adn","status":"publish","type":"page","link":"https:\/\/myrootsconsulting.com\/fr\/module-4-conseil-et-education-sur-la-confirmation-de-la-parente-au-sri-lanka-par-des-tests-adn\/","title":{"rendered":"Module 4 : Conseil et \u00e9ducation sur la confirmation de la parent\u00e9 au Sri Lanka par des tests ADN"},"content":{"rendered":"<p>Nous offrons des conseils et des explications personnalis\u00e9s sur la v\u00e9rification de la parent\u00e9 et nous nous chargeons de toute l&rsquo;organisation pour vous. Notre objectif est de vous apporter des \u00e9claircissements sur d&rsquo;\u00e9ventuels liens familiaux et de vous aider au mieux dans cette d\u00e9marche.<\/p>\n<p>Une fois qu&rsquo;un lien de parent\u00e9 potentiel est \u00e9tabli, notre \u00e9quipe exp\u00e9riment\u00e9e sur place assure une prise de contact d\u00e9licate et respectueuse avec la personne ou la famille retrouv\u00e9e. La famille concern\u00e9e re\u00e7oit des informations compl\u00e8tes et est pr\u00e9par\u00e9e avec empathie \u00e0 la situation. Si n\u00e9cessaire, une confirmation de parent\u00e9 est accompagn\u00e9e et finalis\u00e9e de mani\u00e8re professionnelle.<\/p>\n<p>Cette offre s&rsquo;adresse aux personnes adopt\u00e9es qui souhaitent explorer leurs racines avec un soutien professionnel et la sensibilit\u00e9 n\u00e9cessaire pour toutes les parties concern\u00e9es.<\/p>\n<h3>Contact<\/h3>\n<p>E-mail :<a href=\"mailto:info@myrootsconsulting.com\"> info@myrootsconsulting.com<\/a><br \/>\nSi vous souhaitez en savoir plus sur notre offre ou organiser un premier entretien, nous serions ravis que vous nous contactiez \u00e0 tout moment.<\/p>\n","protected":false},"excerpt":{"rendered":"<p>Nous offrons des conseils et des explications personnalis\u00e9s sur la v\u00e9rification de la parent\u00e9 et nous nous chargeons de toute l&rsquo;organisation pour vous. Notre objectif est de vous apporter des \u00e9claircissements sur d&rsquo;\u00e9ventuels liens familiaux et de vous aider au mieux dans cette d\u00e9marche. Une fois qu&rsquo;un lien de parent\u00e9 potentiel est \u00e9tabli, notre \u00e9quipe [&hellip;]<\/p>\n","protected":false},"author":1,"featured_media":0,"parent":0,"menu_order":14,"comment_status":"closed","ping_status":"closed","template":"","meta":{"footnotes":""},"class_list":["post-658","page","type-page","status-publish","hentry"],"_links":{"self":[{"href":"https:\/\/myrootsconsulting.com\/fr\/wp-json\/wp\/v2\/pages\/658","targetHints":{"allow":["GET"]}}],"collection":[{"href":"https:\/\/myrootsconsulting.com\/fr\/wp-json\/wp\/v2\/pages"}],"about":[{"href":"https:\/\/myrootsconsulting.com\/fr\/wp-json\/wp\/v2\/types\/page"}],"author":[{"embeddable":true,"href":"https:\/\/myrootsconsulting.com\/fr\/wp-json\/wp\/v2\/users\/1"}],"replies":[{"embeddable":true,"href":"https:\/\/myrootsconsulting.com\/fr\/wp-json\/wp\/v2\/comments?post=658"}],"version-history":[{"count":0,"href":"https:\/\/myrootsconsulting.com\/fr\/wp-json\/wp\/v2\/pages\/658\/revisions"}],"wp:attachment":[{"href":"https:\/\/myrootsconsulting.com\/fr\/wp-json\/wp\/v2\/media?parent=658"}],"curies":[{"name":"wp","href":"https:\/\/api.w.org\/{rel}","templated":true}]}}