{"id":620,"date":"2025-09-09T08:26:53","date_gmt":"2025-09-09T08:26:53","guid":{"rendered":"https:\/\/myrootsconsulting.com\/module-3-personnes-adoptees-au-sri-lanka-international\/"},"modified":"2025-09-09T08:26:53","modified_gmt":"2025-09-09T08:26:53","slug":"module-3-personnes-adoptees-au-sri-lanka-international","status":"publish","type":"page","link":"https:\/\/myrootsconsulting.com\/fr\/module-3-personnes-adoptees-au-sri-lanka-international\/","title":{"rendered":"Module 3 : Personnes adopt\u00e9es au Sri Lanka &#8211; International"},"content":{"rendered":"<p>Le premier contact ainsi qu&rsquo;une premi\u00e8re consultation se font g\u00e9n\u00e9ralement par vid\u00e9oconf\u00e9rence. Il s&rsquo;ensuit une analyse des documents existants et une clarification compl\u00e8te de l&rsquo;ADN, \u00e9galement en ligne.<\/p>\n<p>L&rsquo;\u00e9tape suivante consiste \u00e0 effectuer des recherches administratives dans le pays d&rsquo;origine, le Sri Lanka, afin d&rsquo;identifier la personne recherch\u00e9e \u00e0 partir de l&rsquo;acte de naissance original. Nous proposons \u00e9galement des conseils et des explications personnalis\u00e9s sur la v\u00e9rification de la parent\u00e9, son organisation et son envoi. Parall\u00e8lement, nous accompagnons la pr\u00e9paration psychosociale aux r\u00e9sultats \u00e9ventuels de la recherche. Notre \u00e9quipe sur place assure une prise de contact d\u00e9licate avec la personne ou la famille retrouv\u00e9e, lui fournit des explications compl\u00e8tes et effectue si n\u00e9cessaire une v\u00e9rification du lien de parent\u00e9.<\/p>\n<h3>Service suppl\u00e9mentaire : pr\u00e9paration &amp; premier contact<\/h3>\n<p>Apr\u00e8s la confirmation d&rsquo;un lien de parent\u00e9, nous pr\u00e9parons soigneusement le regroupement. Cela comprend la pr\u00e9paration de la personne adopt\u00e9e \u00e0 la culture et au voyage au Sri Lanka, ainsi que la sensibilisation et le soutien de la famille sur place par notre \u00e9quipe. L&rsquo;accompagnement et la traduction pendant la rencontre sont assur\u00e9s par l&rsquo;\u00e9quipe. Par la suite, nous soutenons \u00e9galement le suivi des familles au Sri Lanka. L&rsquo;\u00e9quipe parle les langues nationales ainsi que l&rsquo;anglais et l&rsquo;allemand.<\/p>\n<h3>Contact<\/h3>\n<p>E-mail : <a href=\"mailto:info@myrootsconsulting.com\">info@myrootsconsulting.com<\/a><br \/>\nSi vous souhaitez en savoir plus sur notre offre ou organiser un premier entretien, nous serions ravis que vous nous contactiez \u00e0 tout moment.<\/p>\n","protected":false},"excerpt":{"rendered":"<p>Le premier contact ainsi qu&rsquo;une premi\u00e8re consultation se font g\u00e9n\u00e9ralement par vid\u00e9oconf\u00e9rence. Il s&rsquo;ensuit une analyse des documents existants et une clarification compl\u00e8te de l&rsquo;ADN, \u00e9galement en ligne. L&rsquo;\u00e9tape suivante consiste \u00e0 effectuer des recherches administratives dans le pays d&rsquo;origine, le Sri Lanka, afin d&rsquo;identifier la personne recherch\u00e9e \u00e0 partir de l&rsquo;acte de naissance original. [&hellip;]<\/p>\n","protected":false},"author":1,"featured_media":0,"parent":0,"menu_order":13,"comment_status":"closed","ping_status":"closed","template":"","meta":{"footnotes":""},"class_list":["post-620","page","type-page","status-publish","hentry"],"_links":{"self":[{"href":"https:\/\/myrootsconsulting.com\/fr\/wp-json\/wp\/v2\/pages\/620","targetHints":{"allow":["GET"]}}],"collection":[{"href":"https:\/\/myrootsconsulting.com\/fr\/wp-json\/wp\/v2\/pages"}],"about":[{"href":"https:\/\/myrootsconsulting.com\/fr\/wp-json\/wp\/v2\/types\/page"}],"author":[{"embeddable":true,"href":"https:\/\/myrootsconsulting.com\/fr\/wp-json\/wp\/v2\/users\/1"}],"replies":[{"embeddable":true,"href":"https:\/\/myrootsconsulting.com\/fr\/wp-json\/wp\/v2\/comments?post=620"}],"version-history":[{"count":0,"href":"https:\/\/myrootsconsulting.com\/fr\/wp-json\/wp\/v2\/pages\/620\/revisions"}],"wp:attachment":[{"href":"https:\/\/myrootsconsulting.com\/fr\/wp-json\/wp\/v2\/media?parent=620"}],"curies":[{"name":"wp","href":"https:\/\/api.w.org\/{rel}","templated":true}]}}