{"id":611,"date":"2025-09-09T08:24:39","date_gmt":"2025-09-09T08:24:39","guid":{"rendered":"https:\/\/myrootsconsulting.com\/module-2-personnes-adoptees-en-suisse-en-provenance-dautres-pays-dorigine\/"},"modified":"2025-09-09T08:24:39","modified_gmt":"2025-09-09T08:24:39","slug":"module-2-personnes-adoptees-en-suisse-en-provenance-dautres-pays-dorigine","status":"publish","type":"page","link":"https:\/\/myrootsconsulting.com\/fr\/module-2-personnes-adoptees-en-suisse-en-provenance-dautres-pays-dorigine\/","title":{"rendered":"Module 2 : Personnes adopt\u00e9es en Suisse en provenance d&rsquo;autres pays d&rsquo;origine"},"content":{"rendered":"<p>(mod\u00e8le adapt\u00e9, selon le concept des 5 phases)<\/p>\n<h3>Phase 1 : Prise de contact &amp; planification du processus<\/h3>\n<p>Au cours de cette premi\u00e8re phase, nous clarifions ensemble l&rsquo;histoire individuelle de l&rsquo;adoption, discutons des attentes et formulons des objectifs concrets. Ensemble, nous d\u00e9finissons les prochaines \u00e9tapes et organisons la suite du processus de mani\u00e8re \u00e0 renforcer les ressources personnelles et \u00e0 encourager l&rsquo;appropriation du processus.<\/p>\n<h3>Phase 2 : Recherche de documents en Suisse<\/h3>\n<p>Au cours de cette phase, les dossiers d&rsquo;adoption existants en Suisse sont syst\u00e9matiquement recherch\u00e9s et soigneusement analys\u00e9s. Pour ce faire, nous travaillons en \u00e9troite collaboration avec les autorit\u00e9s comp\u00e9tentes et coordonnons toutes les \u00e9tapes n\u00e9cessaires afin de garantir une documentation compl\u00e8te.<\/p>\n<h3>Phase 3 : lancement de la recherche &amp; pr\u00e9paration<\/h3>\n<p>Nous aidons \u00e0 lancer la recherche via les autorit\u00e9s cantonales comp\u00e9tentes et\/ou coordonnons une orientation vers des partenaires externes. De plus, nous conseillons et accompagnons les personnes adopt\u00e9es tout au long du processus de recherche dans leur pays d&rsquo;origine. Un accent particulier est mis sur la pr\u00e9paration psychosociale aux r\u00e9sultats potentiels de la recherche.<\/p>\n<h3>Phase 4 : Pr\u00e9paration &amp; premier contact<\/h3>\n<p>Apr\u00e8s un r\u00e9sultat de recherche positif, nous aidons \u00e0 pr\u00e9parer le premier contact avec la famille trouv\u00e9e. Apr\u00e8s la confirmation d&rsquo;un lien de parent\u00e9, nous pr\u00e9parons le regroupement de mani\u00e8re compl\u00e8te : Cela inclut la pr\u00e9paration psychosociale de la personne adopt\u00e9e \u00e0 la culture et au voyage dans son pays d&rsquo;origine.<\/p>\n<h3>Phase 5 : Suivi et \u00e9valuation<\/h3>\n<p>Au cours de cette phase, nous apportons notre soutien dans l&rsquo;\u00e9laboration des r\u00e9sultats de la recherche, nous accompagnons le traitement des clarifications et des nouvelles connaissances issues de la recherche des origines. Nous les aidons \u00e0 se confronter \u00e0 des identit\u00e9s diff\u00e9rentes ou \u00e0 la situation d&rsquo;avoir deux familles. Nous vous aidons \u00e0 \u00e9tablir un contact solide en douceur et \u00e9valuons ensemble votre \u00e9tat personnel. Si n\u00e9cessaire, nous pouvons \u00e9galement vous conseiller dans la formulation de vos prises de position ou de vos demandes aupr\u00e8s des autorit\u00e9s cantonales.<\/p>\n","protected":false},"excerpt":{"rendered":"<p>(mod\u00e8le adapt\u00e9, selon le concept des 5 phases) Phase 1 : Prise de contact &amp; planification du processus Au cours de cette premi\u00e8re phase, nous clarifions ensemble l&rsquo;histoire individuelle de l&rsquo;adoption, discutons des attentes et formulons des objectifs concrets. Ensemble, nous d\u00e9finissons les prochaines \u00e9tapes et organisons la suite du processus de mani\u00e8re \u00e0 renforcer [&hellip;]<\/p>\n","protected":false},"author":1,"featured_media":0,"parent":0,"menu_order":12,"comment_status":"closed","ping_status":"closed","template":"","meta":{"footnotes":""},"class_list":["post-611","page","type-page","status-publish","hentry"],"_links":{"self":[{"href":"https:\/\/myrootsconsulting.com\/fr\/wp-json\/wp\/v2\/pages\/611","targetHints":{"allow":["GET"]}}],"collection":[{"href":"https:\/\/myrootsconsulting.com\/fr\/wp-json\/wp\/v2\/pages"}],"about":[{"href":"https:\/\/myrootsconsulting.com\/fr\/wp-json\/wp\/v2\/types\/page"}],"author":[{"embeddable":true,"href":"https:\/\/myrootsconsulting.com\/fr\/wp-json\/wp\/v2\/users\/1"}],"replies":[{"embeddable":true,"href":"https:\/\/myrootsconsulting.com\/fr\/wp-json\/wp\/v2\/comments?post=611"}],"version-history":[{"count":0,"href":"https:\/\/myrootsconsulting.com\/fr\/wp-json\/wp\/v2\/pages\/611\/revisions"}],"wp:attachment":[{"href":"https:\/\/myrootsconsulting.com\/fr\/wp-json\/wp\/v2\/media?parent=611"}],"curies":[{"name":"wp","href":"https:\/\/api.w.org\/{rel}","templated":true}]}}