{"id":573,"date":"2025-09-09T08:23:48","date_gmt":"2025-09-09T08:23:48","guid":{"rendered":"https:\/\/myrootsconsulting.com\/module-1-personnes-adoptees-du-sri-lanka-en-suisse\/"},"modified":"2025-09-09T08:23:48","modified_gmt":"2025-09-09T08:23:48","slug":"module-1-personnes-adoptees-du-sri-lanka-en-suisse","status":"publish","type":"page","link":"https:\/\/myrootsconsulting.com\/fr\/module-1-personnes-adoptees-du-sri-lanka-en-suisse\/","title":{"rendered":"Module 1 : personnes adopt\u00e9es du Sri Lanka en Suisse"},"content":{"rendered":"<p>(prise en charge selon le concept des 5 phases)<\/p>\n<h3>Phase 1 : Prise de contact &amp; planification du processus<\/h3>\n<p>Au cours de cette premi\u00e8re phase, nous clarifions ensemble l&rsquo;histoire individuelle de l&rsquo;adoption,<br \/>\ndiscutons des attentes et formulons des objectifs concrets. Ensemble, nous d\u00e9finissons les prochaines \u00e9tapes et organisons la suite du processus de mani\u00e8re \u00e0 renforcer les ressources personnelles et \u00e0 encourager l&rsquo;appropriation du processus.<\/p>\n<h3>Phase 2 : Recherche de documents en Suisse<\/h3>\n<p>Au cours de cette phase, les dossiers d&rsquo;adoption existants en Suisse sont syst\u00e9matiquement recherch\u00e9s et soigneusement analys\u00e9s. Pour ce faire, nous travaillons en \u00e9troite collaboration avec les autorit\u00e9s comp\u00e9tentes et coordonnons toutes les \u00e9tapes n\u00e9cessaires afin de garantir une documentation compl\u00e8te.<\/p>\n<h3>Phase 3 : Clarifications au Sri Lanka<\/h3>\n<p>Des recherches administratives sont effectu\u00e9es directement dans le pays d&rsquo;origine. Il s&rsquo;agit notamment d&rsquo;identifier la personne recherch\u00e9e \u00e0 l&rsquo;aide de l&rsquo;acte de naissance original et de fournir des conseils et des explications sur les tests ADN. Pour ces recherches, My Roots Consulting dispose de sa propre \u00e9quipe sur place au Sri Lanka, qui poss\u00e8de une vaste exp\u00e9rience et des ant\u00e9c\u00e9dents av\u00e9r\u00e9s en mati\u00e8re de recherche d&rsquo;origine. L&rsquo;\u00e9quipe parle les langues nationales ainsi que l&rsquo;anglais et l&rsquo;allemand.<\/p>\n<h3>Phase 4 : Pr\u00e9paration &amp; premier contact<\/h3>\n<p>Au cours de cette phase, nous accompagnons la pr\u00e9paration psychosociale aux r\u00e9sultats possibles de la recherche et soutenons la prise de contact prudente avec la personne recherch\u00e9e. Si le lien de parent\u00e9 est confirm\u00e9, nous pr\u00e9parons soigneusement le regroupement : Cela comprend la pr\u00e9paration de la personne adopt\u00e9e \u00e0 la culture et au voyage au Sri Lanka, ainsi que la sensibilisation de la famille sur place par notre \u00e9quipe. L&rsquo;accompagnement et la traduction pendant la rencontre ainsi que le suivi des familles au Sri Lanka sont \u00e9galement assur\u00e9s.<\/p>\n<h3>Phase 5 : Suivi et \u00e9valuation<\/h3>\n<p>Nous aidons \u00e0 traiter les r\u00e9sultats de la recherche et accompagnons le traitement des nouvelles connaissances acquises lors de la recherche des origines. Dans ce contexte, nous les aidons \u00e0 faire face \u00e0 diff\u00e9rentes identit\u00e9s ou \u00e0 la situation d&rsquo;avoir deux familles. Nous aidons \u00e9galement \u00e0 \u00e9tablir un contact solide et \u00e9valuons ensemble l&rsquo;\u00e9tat de sant\u00e9 de la personne. Si n\u00e9cessaire, nous pouvons \u00e9galement vous aider \u00e0 formuler des avis ou des demandes aupr\u00e8s des autorit\u00e9s cantonales.<\/p>\n","protected":false},"excerpt":{"rendered":"<p>(prise en charge selon le concept des 5 phases) Phase 1 : Prise de contact &amp; planification du processus Au cours de cette premi\u00e8re phase, nous clarifions ensemble l&rsquo;histoire individuelle de l&rsquo;adoption, discutons des attentes et formulons des objectifs concrets. Ensemble, nous d\u00e9finissons les prochaines \u00e9tapes et organisons la suite du processus de mani\u00e8re \u00e0 [&hellip;]<\/p>\n","protected":false},"author":1,"featured_media":0,"parent":0,"menu_order":11,"comment_status":"closed","ping_status":"closed","template":"","meta":{"footnotes":""},"class_list":["post-573","page","type-page","status-publish","hentry"],"_links":{"self":[{"href":"https:\/\/myrootsconsulting.com\/fr\/wp-json\/wp\/v2\/pages\/573","targetHints":{"allow":["GET"]}}],"collection":[{"href":"https:\/\/myrootsconsulting.com\/fr\/wp-json\/wp\/v2\/pages"}],"about":[{"href":"https:\/\/myrootsconsulting.com\/fr\/wp-json\/wp\/v2\/types\/page"}],"author":[{"embeddable":true,"href":"https:\/\/myrootsconsulting.com\/fr\/wp-json\/wp\/v2\/users\/1"}],"replies":[{"embeddable":true,"href":"https:\/\/myrootsconsulting.com\/fr\/wp-json\/wp\/v2\/comments?post=573"}],"version-history":[{"count":0,"href":"https:\/\/myrootsconsulting.com\/fr\/wp-json\/wp\/v2\/pages\/573\/revisions"}],"wp:attachment":[{"href":"https:\/\/myrootsconsulting.com\/fr\/wp-json\/wp\/v2\/media?parent=573"}],"curies":[{"name":"wp","href":"https:\/\/api.w.org\/{rel}","templated":true}]}}