{"id":549,"date":"2025-09-09T08:22:49","date_gmt":"2025-09-09T08:22:49","guid":{"rendered":"https:\/\/myrootsconsulting.com\/services-de-conseil-et-de-soutien\/"},"modified":"2025-09-09T08:22:49","modified_gmt":"2025-09-09T08:22:49","slug":"services-de-conseil-et-de-soutien","status":"publish","type":"page","link":"https:\/\/myrootsconsulting.com\/fr\/services-de-conseil-et-de-soutien\/","title":{"rendered":"Services de conseil et de soutien"},"content":{"rendered":"<p>My Roots Consulting accompagne les personnes adopt\u00e9es dans l&rsquo;\u00e9laboration de leur histoire et la recherche de leurs origines gr\u00e2ce \u00e0 un concept sp\u00e9cialement d\u00e9velopp\u00e9 et \u00e9prouv\u00e9. Cela inclut des conseils personnalis\u00e9s et des explications compl\u00e8tes sur la v\u00e9rification de la parent\u00e9 au moyen de tests ADN.<br \/>\nCe faisant, nous renfor\u00e7ons de mani\u00e8re cibl\u00e9e les ressources personnelles et encourageons la responsabilit\u00e9 personnelle tout au long du processus. Nous mettons l&rsquo;accent sur la clarification et la recherche de la v\u00e9rit\u00e9 autour de l&rsquo;histoire individuelle de l&rsquo;adoption, en particulier dans le cas d&rsquo;adoptions ill\u00e9gales.<\/p>\n<p><strong>Groupe cible<\/strong><br \/>\nL&rsquo;offre de My Roots Consulting s&rsquo;adresse aux personnes adopt\u00e9es du Sri Lanka et d&rsquo;autres pays d&rsquo;origine r\u00e9sidant en Suisse ainsi qu&rsquo;aux personnes adopt\u00e9es du Sri Lanka r\u00e9sidant \u00e0 l&rsquo;\u00e9tranger.<br \/>\nConseils en trois langues<br \/>\nNous proposons volontiers nos conseils en allemand, fran\u00e7ais ou anglais.<\/p>\n<p><strong>Modules et flexibilit\u00e9<\/strong><br \/>\nEn fonction du pays d&rsquo;origine et des besoins individuels, My Roots Consulting propose diff\u00e9rents modules comprenant un soutien psychosocial et administratif. Nous nous assurons ainsi que chaque personne adopt\u00e9e re\u00e7oit exactement l&rsquo;accompagnement dont elle a besoin pour sa recherche individuelle d&rsquo;origine et l&rsquo;\u00e9laboration de son histoire. Nos offres peuvent \u00eatre combin\u00e9es de mani\u00e8re flexible et s&rsquo;adaptent aux objectifs et aux ressources personnelles de la personne concern\u00e9e.<\/p>\n<p><strong>Concept en 5 phases<\/strong><br \/>\nNos conseils s&rsquo;appuient sur un concept en 5 phases sp\u00e9cialement d\u00e9velopp\u00e9 et test\u00e9 avec succ\u00e8s dans la pratique. Ce concept offre un cadre clair pour accompagner les \u00e9tapes complexes d&rsquo;une recherche d&rsquo;origine de mani\u00e8re structur\u00e9e et personnalis\u00e9e.<\/p>\n<p><strong>\u00c9valuation et efficacit\u00e9<\/strong><br \/>\nLe succ\u00e8s et l&rsquo;efficacit\u00e9 de cette approche ont \u00e9t\u00e9 confirm\u00e9s par un rapport d&rsquo;\u00e9valuation ind\u00e9pendant publi\u00e9 en 2025.<br \/>\nLien vers le rapport :<br \/>\n<a href=\"https:\/\/admin.backtotheroots.net\/assets\/inhalt\/downloads\/Berichte\/250131-Bericht-Externe-Analyse-BttR.pdf\">https:\/\/admin.backtotheroots.net\/assets\/inhalt\/downloads\/Berichte\/250131-Bericht-Externe-Analyse-BttR.pdf<\/a><\/p>\n","protected":false},"excerpt":{"rendered":"<p>My Roots Consulting accompagne les personnes adopt\u00e9es dans l&rsquo;\u00e9laboration de leur histoire et la recherche de leurs origines gr\u00e2ce \u00e0 un concept sp\u00e9cialement d\u00e9velopp\u00e9 et \u00e9prouv\u00e9. Cela inclut des conseils personnalis\u00e9s et des explications compl\u00e8tes sur la v\u00e9rification de la parent\u00e9 au moyen de tests ADN. Ce faisant, nous renfor\u00e7ons de mani\u00e8re cibl\u00e9e les ressources [&hellip;]<\/p>\n","protected":false},"author":1,"featured_media":0,"parent":0,"menu_order":2,"comment_status":"closed","ping_status":"closed","template":"","meta":{"footnotes":""},"class_list":["post-549","page","type-page","status-publish","hentry"],"_links":{"self":[{"href":"https:\/\/myrootsconsulting.com\/fr\/wp-json\/wp\/v2\/pages\/549","targetHints":{"allow":["GET"]}}],"collection":[{"href":"https:\/\/myrootsconsulting.com\/fr\/wp-json\/wp\/v2\/pages"}],"about":[{"href":"https:\/\/myrootsconsulting.com\/fr\/wp-json\/wp\/v2\/types\/page"}],"author":[{"embeddable":true,"href":"https:\/\/myrootsconsulting.com\/fr\/wp-json\/wp\/v2\/users\/1"}],"replies":[{"embeddable":true,"href":"https:\/\/myrootsconsulting.com\/fr\/wp-json\/wp\/v2\/comments?post=549"}],"version-history":[{"count":0,"href":"https:\/\/myrootsconsulting.com\/fr\/wp-json\/wp\/v2\/pages\/549\/revisions"}],"wp:attachment":[{"href":"https:\/\/myrootsconsulting.com\/fr\/wp-json\/wp\/v2\/media?parent=549"}],"curies":[{"name":"wp","href":"https:\/\/api.w.org\/{rel}","templated":true}]}}