{"id":517,"date":"2025-09-09T08:18:27","date_gmt":"2025-09-09T08:18:27","guid":{"rendered":"https:\/\/myrootsconsulting.com\/page-daccueil\/"},"modified":"2025-09-24T20:08:12","modified_gmt":"2025-09-24T20:08:12","slug":"page-daccueil","status":"publish","type":"page","link":"https:\/\/myrootsconsulting.com\/fr\/","title":{"rendered":"Page d&rsquo;accueil"},"content":{"rendered":"\n<style type=\"text\/css\" data-created_by=\"avia_inline_auto\" id=\"style-css-av-mff39cb5-d2b77b54e718c09d991efd323ecdb82f\">\n#top .hr.hr-invisible.av-mff39cb5-d2b77b54e718c09d991efd323ecdb82f{\nheight:50px;\n}\n<\/style>\n<div  class='hr av-mff39cb5-d2b77b54e718c09d991efd323ecdb82f hr-invisible  avia-builder-el-0  el_before_av_one_half  avia-builder-el-first '><span class='hr-inner '><span class=\"hr-inner-style\"><\/span><\/span><\/div>\n<div  class='flex_column av-1lklx-e4a0f7f733d713f53304236e4e003b8c av_one_half  avia-builder-el-1  el_after_av_hr  el_before_av_one_half  first flex_column_div  '     ><p>\n<style type=\"text\/css\" data-created_by=\"avia_inline_auto\" id=\"style-css-av-mfl1h8uu-c5e5775a12c303ea66af26fb8aec0611\">\n.avia-image-container.av-mfl1h8uu-c5e5775a12c303ea66af26fb8aec0611 img.avia_image{\nbox-shadow:none;\n}\n.avia-image-container.av-mfl1h8uu-c5e5775a12c303ea66af26fb8aec0611 .av-image-caption-overlay-center{\ncolor:#ffffff;\n}\n<\/style>\n<div  class='avia-image-container av-mfl1h8uu-c5e5775a12c303ea66af26fb8aec0611 av-styling- avia-align-center  avia-builder-el-2  el_before_av_textblock  avia-builder-el-first  av-desktop-hide av-medium-hide'   itemprop=\"image\" itemscope=\"itemscope\" itemtype=\"https:\/\/schema.org\/ImageObject\" ><div class=\"avia-image-container-inner\"><div class=\"avia-image-overlay-wrap\"><img decoding=\"async\" fetchpriority=\"high\" class='wp-image-467 avia-img-lazy-loading-not-467 avia_image ' src=\"https:\/\/myrootsconsulting.com\/wp-content\/uploads\/2025\/09\/walk_mobile.jpg\" alt='Ic\u00f4ne d&#039;IA : m\u00e8re et fille' title='walk_mobile'  height=\"588\" width=\"800\"  itemprop=\"thumbnailUrl\" srcset=\"https:\/\/myrootsconsulting.com\/wp-content\/uploads\/2025\/09\/walk_mobile.jpg 800w, https:\/\/myrootsconsulting.com\/wp-content\/uploads\/2025\/09\/walk_mobile-300x221.jpg 300w, https:\/\/myrootsconsulting.com\/wp-content\/uploads\/2025\/09\/walk_mobile-768x564.jpg 768w, https:\/\/myrootsconsulting.com\/wp-content\/uploads\/2025\/09\/walk_mobile-705x518.jpg 705w, https:\/\/myrootsconsulting.com\/wp-content\/uploads\/2025\/09\/walk_mobile-450x331.jpg 450w, https:\/\/myrootsconsulting.com\/wp-content\/uploads\/2025\/09\/walk_mobile-600x441.jpg 600w\" sizes=\"(max-width: 800px) 100vw, 800px\" \/><\/div><\/div><\/div><br \/>\n<section  class='av_textblock_section av-mfca3hhy-0d30adeb0ad4f1861f3d4caddec8a793 '   itemscope=\"itemscope\" itemtype=\"https:\/\/schema.org\/CreativeWork\" ><div class='avia_textblock'  itemprop=\"text\" ><blockquote>\n<p>Derri\u00e8re chaque adoption se cache une histoire de vie unique &#8211; pleine de questions sans r\u00e9ponse, de d\u00e9sirs profonds et d&rsquo;un d\u00e9sir de clart\u00e9.<\/p>\n<\/blockquote>\n<p>C&rsquo;est justement dans les proc\u00e9dures d&rsquo;adoption ill\u00e9gales que les obstacles sont souvent particuli\u00e8rement \u00e9lev\u00e9s : manque d&rsquo;informations, donn\u00e9es contradictoires, incertitudes pesantes.<\/p>\n<blockquote>\n<p>Nous connaissons ce chemin &#8211; parce que nous l&rsquo;avons parcouru nous-m\u00eames.<\/p>\n<\/blockquote>\n<p>My Roots Consulting est \u00e0 vos c\u00f4t\u00e9s &#8211; avec des conseils empathiques, un accompagnement sinc\u00e8re et une grande exp\u00e9rience.<\/p>\n<p>\u00c0 votre rythme, d&rsquo;\u00e9gal \u00e0 \u00e9gal et \u00e0 c\u0153ur ouvert.<\/p>\n<p>Que vous cherchiez \u00e0 retrouver vos racines, \u00e0 comprendre votre histoire ou simplement \u00e0 \u00eatre vu et entendu, nous sommes l\u00e0 pour vous.<\/p>\n<blockquote>\n<p>Notre objectif est de vous rendre plus fort &#8211; pour que vous puissiez poursuivre votre chemin de mani\u00e8re autonome, plus claire et avec une force renouvel\u00e9e.<\/p>\n<\/blockquote>\n<\/div><\/section><\/p><\/div><div  class='flex_column av-b33d1-53768260a00c373adfd922ec1d9086f7 av_one_half  avia-builder-el-4  el_after_av_one_half  el_before_av_one_full  flex_column_div  '     ><style type=\"text\/css\" data-created_by=\"avia_inline_auto\" id=\"style-css-av-mfmyni0h-d674b2ec3104d27dc3db346b127f4bed\">\n.avia-image-container.av-mfmyni0h-d674b2ec3104d27dc3db346b127f4bed img.avia_image{\nbox-shadow:none;\n}\n.avia-image-container.av-mfmyni0h-d674b2ec3104d27dc3db346b127f4bed .av-image-caption-overlay-center{\ncolor:#ffffff;\n}\n<\/style>\n<div  class='avia-image-container av-mfmyni0h-d674b2ec3104d27dc3db346b127f4bed av-styling- avia-align-center  avia-builder-el-5  avia-builder-el-no-sibling  av-small-hide av-mini-hide'   itemprop=\"image\" itemscope=\"itemscope\" itemtype=\"https:\/\/schema.org\/ImageObject\" ><div class=\"avia-image-container-inner\"><div class=\"avia-image-overlay-wrap\"><img decoding=\"async\" fetchpriority=\"high\" class='wp-image-376 avia-img-lazy-loading-not-376 avia_image ' src=\"https:\/\/myrootsconsulting.com\/wp-content\/uploads\/2025\/09\/walk.jpg\" alt='Ic\u00f4ne d&#039;IA : m\u00e8re et fille' title='walk'  height=\"1120\" width=\"800\"  itemprop=\"thumbnailUrl\" srcset=\"https:\/\/myrootsconsulting.com\/wp-content\/uploads\/2025\/09\/walk.jpg 800w, https:\/\/myrootsconsulting.com\/wp-content\/uploads\/2025\/09\/walk-214x300.jpg 214w, https:\/\/myrootsconsulting.com\/wp-content\/uploads\/2025\/09\/walk-736x1030.jpg 736w, https:\/\/myrootsconsulting.com\/wp-content\/uploads\/2025\/09\/walk-768x1075.jpg 768w, https:\/\/myrootsconsulting.com\/wp-content\/uploads\/2025\/09\/walk-504x705.jpg 504w, https:\/\/myrootsconsulting.com\/wp-content\/uploads\/2025\/09\/walk-450x630.jpg 450w, https:\/\/myrootsconsulting.com\/wp-content\/uploads\/2025\/09\/walk-600x840.jpg 600w\" sizes=\"(max-width: 800px) 100vw, 800px\" \/><\/div><\/div><\/div><\/div><\/p>\n<div  class='flex_column av-7g3b9-fefe2f9d6260da06505d67793c0adace av_one_full  avia-builder-el-6  el_after_av_one_half  avia-builder-el-last  first flex_column_div  column-top-margin'     ><section  class='av_textblock_section av-mfcqkyoo-81e8ede0a3c624690a12a2054bb34959 '   itemscope=\"itemscope\" itemtype=\"https:\/\/schema.org\/CreativeWork\" ><div class='avia_textblock'  itemprop=\"text\" ><h1>Offre<\/h1>\n<p>Aper\u00e7u de nos modules de conseil<\/p>\n<ul>\n<li><a title=\"Permanenter Link zu : Module 1 : personnes adopt\u00e9es du Sri Lanka en Suisse\" href=\"https:\/\/myrootsconsulting.com\/fr\/module-1-personnes-adoptees-du-sri-lanka-en-suisse\/\" rel=\"bookmark\">Module 1 : personnes adopt\u00e9es du Sri Lanka en Suisse<\/a><\/li>\n<li><a title=\"Lien permanent vers : Module 2 : Personnes adopt\u00e9es en Suisse d'autres pays d'origine\" href=\"https:\/\/myrootsconsulting.com\/fr\/module-2-personnes-adoptees-en-suisse-en-provenance-dautres-pays-dorigine\/\" rel=\"bookmark\">Module 2 : Personnes adopt\u00e9es en Suisse en provenance d&rsquo;autres pays d&rsquo;origine<\/a><\/li>\n<li><a title=\"Lien permanent vers : Module 3 : Personnes adopt\u00e9es au Sri Lanka - International\" href=\"https:\/\/myrootsconsulting.com\/fr\/module-3-personnes-adoptees-au-sri-lanka-international\/\" rel=\"bookmark\">Module 3 : Personnes adopt\u00e9es au Sri Lanka &#8211; International<\/a><\/li>\n<li><a title=\"Lien permanent vers : Module 4 : Conseils et \u00e9ducation sur la confirmation de la parent\u00e9 au Sri Lanka par des tests ADN\" href=\"https:\/\/myrootsconsulting.com\/fr\/module-4-conseil-et-education-sur-la-confirmation-de-la-parente-au-sri-lanka-par-des-tests-adn\/\" rel=\"bookmark\">Module 4 : Conseil et \u00e9ducation sur la confirmation de la parent\u00e9 au Sri Lanka par des tests ADN<\/a><\/li>\n<li><a title=\"Lien permanent vers : Autour de la naissance\" href=\"https:\/\/myrootsconsulting.com\/fr\/autour-de-la-naissance\/\" rel=\"bookmark\">Autour de la naissance<\/a><\/li>\n<\/ul>\n<\/div><\/section><\/div>\n","protected":false},"excerpt":{"rendered":"","protected":false},"author":1,"featured_media":0,"parent":0,"menu_order":1,"comment_status":"closed","ping_status":"closed","template":"","meta":{"footnotes":""},"class_list":["post-517","page","type-page","status-publish","hentry"],"_links":{"self":[{"href":"https:\/\/myrootsconsulting.com\/fr\/wp-json\/wp\/v2\/pages\/517","targetHints":{"allow":["GET"]}}],"collection":[{"href":"https:\/\/myrootsconsulting.com\/fr\/wp-json\/wp\/v2\/pages"}],"about":[{"href":"https:\/\/myrootsconsulting.com\/fr\/wp-json\/wp\/v2\/types\/page"}],"author":[{"embeddable":true,"href":"https:\/\/myrootsconsulting.com\/fr\/wp-json\/wp\/v2\/users\/1"}],"replies":[{"embeddable":true,"href":"https:\/\/myrootsconsulting.com\/fr\/wp-json\/wp\/v2\/comments?post=517"}],"version-history":[{"count":20,"href":"https:\/\/myrootsconsulting.com\/fr\/wp-json\/wp\/v2\/pages\/517\/revisions"}],"predecessor-version":[{"id":726,"href":"https:\/\/myrootsconsulting.com\/fr\/wp-json\/wp\/v2\/pages\/517\/revisions\/726"}],"wp:attachment":[{"href":"https:\/\/myrootsconsulting.com\/fr\/wp-json\/wp\/v2\/media?parent=517"}],"curies":[{"name":"wp","href":"https:\/\/api.w.org\/{rel}","templated":true}]}}