{"id":796,"date":"2025-09-09T08:22:49","date_gmt":"2025-09-09T08:22:49","guid":{"rendered":"https:\/\/myrootsconsulting.com\/servicios-de-asesoramiento-y-apoyo\/"},"modified":"2025-09-09T08:22:49","modified_gmt":"2025-09-09T08:22:49","slug":"servicios-de-asesoramiento-y-apoyo","status":"publish","type":"page","link":"https:\/\/myrootsconsulting.com\/es\/servicios-de-asesoramiento-y-apoyo\/","title":{"rendered":"Servicios de asesoramiento y apoyo"},"content":{"rendered":"<p>My Roots Consulting acompa\u00f1a a las personas adoptadas con un concepto especialmente desarrollado y probado en el tratamiento de su historia y la b\u00fasqueda de sus or\u00edgenes. Tambi\u00e9n incluye asesoramiento individual e informaci\u00f3n exhaustiva sobre las pruebas de parentesco mediante pruebas de ADN.<br \/>\nReforzamos espec\u00edficamente los recursos personales y promovemos la responsabilidad personal a lo largo de todo el proceso. Nuestro asesoramiento se centra en aclarar y establecer la verdad sobre la historia individual de la adopci\u00f3n, especialmente en el caso de las adopciones ilegales.<\/p>\n<p><strong>Grupo destinatario<\/strong><br \/>\nLos servicios de My Roots Consulting est\u00e1n dirigidos a personas adoptadas de Sri Lanka y otros pa\u00edses de origen que residan en Suiza, as\u00ed como a personas adoptadas de Sri Lanka que residan en el extranjero.<br \/>\nAsesoramiento en tres idiomas<br \/>\nEstamos encantados de ofrecer nuestros servicios de asesoramiento en alem\u00e1n, franc\u00e9s o ingl\u00e9s.<\/p>\n<p><strong>M\u00f3dulos y flexibilidad<\/strong><br \/>\nEn funci\u00f3n del pa\u00eds de origen y de las necesidades individuales, My Roots Consulting ofrece varios m\u00f3dulos que incluyen tanto apoyo psicosocial como administrativo. De este modo, nos aseguramos de que cada persona adoptada reciba exactamente el apoyo que necesita para su b\u00fasqueda individual de sus or\u00edgenes y para aceptar su historia. Nuestros programas pueden combinarse de forma flexible y se adaptan a los objetivos y recursos personales de la persona interesada.<\/p>\n<p><strong>Concepto de 5 fases<\/strong><br \/>\nNuestro asesoramiento se basa en un concepto de 5 fases especialmente desarrollado y probado con \u00e9xito en la pr\u00e1ctica. Este concepto ofrece un marco claro para proporcionar un apoyo estructurado y personalizado durante las complejas etapas de una b\u00fasqueda de or\u00edgenes.<\/p>\n<p><strong>Evaluaci\u00f3n y eficacia<\/strong><br \/>\nEl \u00e9xito y la eficacia de este planteamiento se confirmaron en un informe de evaluaci\u00f3n independiente publicado en 2025.<br \/>\nEnlace al informe:<br \/>\n<a href=\"https:\/\/admin.backtotheroots.net\/assets\/inhalt\/downloads\/Berichte\/250131-Bericht-Externe-Analyse-BttR.pdf\">https:\/\/admin.backtotheroots.net\/assets\/inhalt\/downloads\/Berichte\/250131-Bericht-Externe-Analyse-BttR.pdf<\/a><\/p>\n","protected":false},"excerpt":{"rendered":"<p>My Roots Consulting acompa\u00f1a a las personas adoptadas con un concepto especialmente desarrollado y probado en el tratamiento de su historia y la b\u00fasqueda de sus or\u00edgenes. Tambi\u00e9n incluye asesoramiento individual e informaci\u00f3n exhaustiva sobre las pruebas de parentesco mediante pruebas de ADN. Reforzamos espec\u00edficamente los recursos personales y promovemos la responsabilidad personal a lo [&hellip;]<\/p>\n","protected":false},"author":1,"featured_media":0,"parent":0,"menu_order":2,"comment_status":"closed","ping_status":"closed","template":"","meta":{"footnotes":""},"class_list":["post-796","page","type-page","status-publish","hentry"],"_links":{"self":[{"href":"https:\/\/myrootsconsulting.com\/es\/wp-json\/wp\/v2\/pages\/796","targetHints":{"allow":["GET"]}}],"collection":[{"href":"https:\/\/myrootsconsulting.com\/es\/wp-json\/wp\/v2\/pages"}],"about":[{"href":"https:\/\/myrootsconsulting.com\/es\/wp-json\/wp\/v2\/types\/page"}],"author":[{"embeddable":true,"href":"https:\/\/myrootsconsulting.com\/es\/wp-json\/wp\/v2\/users\/1"}],"replies":[{"embeddable":true,"href":"https:\/\/myrootsconsulting.com\/es\/wp-json\/wp\/v2\/comments?post=796"}],"version-history":[{"count":0,"href":"https:\/\/myrootsconsulting.com\/es\/wp-json\/wp\/v2\/pages\/796\/revisions"}],"wp:attachment":[{"href":"https:\/\/myrootsconsulting.com\/es\/wp-json\/wp\/v2\/media?parent=796"}],"curies":[{"name":"wp","href":"https:\/\/api.w.org\/{rel}","templated":true}]}}