{"id":695,"date":"2025-09-09T08:28:12","date_gmt":"2025-09-09T08:28:12","guid":{"rendered":"https:\/\/myrootsconsulting.com\/en-torno-al-nacimiento\/"},"modified":"2025-09-09T08:28:12","modified_gmt":"2025-09-09T08:28:12","slug":"en-torno-al-nacimiento","status":"publish","type":"page","link":"https:\/\/myrootsconsulting.com\/es\/en-torno-al-nacimiento\/","title":{"rendered":"En torno al nacimiento"},"content":{"rendered":"<p>&nbsp;<\/p>\n<p><strong>El embarazo<\/strong> necesita apoyo. Como comadrona, estoy ah\u00ed para ti, con coraz\u00f3n, experiencia y una visi\u00f3n hol\u00edstica. Te acompa\u00f1ar\u00e9 con sensibilidad en este momento tan especial.<\/p>\n<p><strong>Preparaci\u00f3n al parto<\/strong> &#8211; totalmente personalizada<br \/>\nTe ofrezco una preparaci\u00f3n al parto individualizada y adaptada a tus deseos y necesidades.<br \/>\nAqu\u00ed podemos centrarnos en temas como el embarazo, el parto y el posparto, el papel de la pareja, la respiraci\u00f3n y las posturas durante el parto, c\u00f3mo afrontar el dolor del parto y los cuidados del beb\u00e9.<br \/>\nJuntos averiguaremos lo que es importante para ti, para un parto autodeterminado y bien preparado.<\/p>\n<p><strong>Cuidados postnatales<\/strong> &#8211; apoyo para la primera vez en casa<br \/>\nTras el parto, comienza una fase delicada y preciosa.<br \/>\nTe acompa\u00f1o a ti y a tu familia durante este tiempo en casa &#8211; con atenci\u00f3n experta, calma y comprensi\u00f3n.<br \/>\nTe aconsejo sobre el cuidado y la nutrici\u00f3n de tu beb\u00e9 y estoy encantada de estar a tu lado si tienes preguntas, dudas o preocupaciones.<br \/>\nPara que puedas llegar a tu propio ritmo &#8211; como madre, como familia.<\/p>\n<h3>Contacta con nosotros<\/h3>\n<p>E-Mail:  <a href=\"mailto:sarah@myrootsconsulting.com\">sarah@myrootsconsulting.com<\/a><\/p>\n","protected":false},"excerpt":{"rendered":"<p>&nbsp; El embarazo necesita apoyo. Como comadrona, estoy ah\u00ed para ti, con coraz\u00f3n, experiencia y una visi\u00f3n hol\u00edstica. Te acompa\u00f1ar\u00e9 con sensibilidad en este momento tan especial. Preparaci\u00f3n al parto &#8211; totalmente personalizada Te ofrezco una preparaci\u00f3n al parto individualizada y adaptada a tus deseos y necesidades. Aqu\u00ed podemos centrarnos en temas como el embarazo, [&hellip;]<\/p>\n","protected":false},"author":1,"featured_media":0,"parent":0,"menu_order":15,"comment_status":"closed","ping_status":"closed","template":"","meta":{"footnotes":""},"class_list":["post-695","page","type-page","status-publish","hentry"],"_links":{"self":[{"href":"https:\/\/myrootsconsulting.com\/es\/wp-json\/wp\/v2\/pages\/695","targetHints":{"allow":["GET"]}}],"collection":[{"href":"https:\/\/myrootsconsulting.com\/es\/wp-json\/wp\/v2\/pages"}],"about":[{"href":"https:\/\/myrootsconsulting.com\/es\/wp-json\/wp\/v2\/types\/page"}],"author":[{"embeddable":true,"href":"https:\/\/myrootsconsulting.com\/es\/wp-json\/wp\/v2\/users\/1"}],"replies":[{"embeddable":true,"href":"https:\/\/myrootsconsulting.com\/es\/wp-json\/wp\/v2\/comments?post=695"}],"version-history":[{"count":0,"href":"https:\/\/myrootsconsulting.com\/es\/wp-json\/wp\/v2\/pages\/695\/revisions"}],"wp:attachment":[{"href":"https:\/\/myrootsconsulting.com\/es\/wp-json\/wp\/v2\/media?parent=695"}],"curies":[{"name":"wp","href":"https:\/\/api.w.org\/{rel}","templated":true}]}}