{"id":657,"date":"2025-09-09T08:27:23","date_gmt":"2025-09-09T08:27:23","guid":{"rendered":"https:\/\/myrootsconsulting.com\/modulo-4-asesoramiento-y-educacion-sobre-la-confirmacion-del-parentesco-en-sri-lanka-mediante-pruebas-de-adn\/"},"modified":"2025-09-09T08:27:23","modified_gmt":"2025-09-09T08:27:23","slug":"modulo-4-asesoramiento-y-educacion-sobre-la-confirmacion-del-parentesco-en-sri-lanka-mediante-pruebas-de-adn","status":"publish","type":"page","link":"https:\/\/myrootsconsulting.com\/es\/modulo-4-asesoramiento-y-educacion-sobre-la-confirmacion-del-parentesco-en-sri-lanka-mediante-pruebas-de-adn\/","title":{"rendered":"M\u00f3dulo 4: Asesoramiento y educaci\u00f3n sobre la confirmaci\u00f3n del parentesco en Sri Lanka mediante pruebas de ADN"},"content":{"rendered":"<p>Te ofrecemos asesoramiento y aclaraciones individuales sobre la verificaci\u00f3n de parentesco y nos encargamos de toda la organizaci\u00f3n por ti. Nuestro objetivo es aclararte las posibles conexiones familiares y apoyarte de la mejor manera posible.<\/p>\n<p>Una vez establecida una posible relaci\u00f3n, nuestro experimentado equipo local se asegura de que el contacto con la persona o familia encontrada se realice con cuidado y respeto. La familia afectada recibe informaci\u00f3n exhaustiva y se la prepara con sensibilidad para la situaci\u00f3n. Si es necesario, se acompa\u00f1a y finaliza profesionalmente una confirmaci\u00f3n de relaci\u00f3n.<\/p>\n<p>Esta oferta est\u00e1 dirigida a personas adoptadas que deseen explorar sus ra\u00edces con apoyo profesional y la sensibilidad necesaria para todas las partes implicadas.<\/p>\n<h3>Contacta con nosotros<\/h3>\n<p>Correo electr\u00f3nico:<a href=\"mailto:info@myrootsconsulting.com\"> info@myrootsconsulting.com<\/a><br \/>\nSi quieres saber m\u00e1s sobre nuestros servicios o concertar una consulta inicial, estaremos encantados de escucharte en cualquier momento.<\/p>\n","protected":false},"excerpt":{"rendered":"<p>Te ofrecemos asesoramiento y aclaraciones individuales sobre la verificaci\u00f3n de parentesco y nos encargamos de toda la organizaci\u00f3n por ti. Nuestro objetivo es aclararte las posibles conexiones familiares y apoyarte de la mejor manera posible. Una vez establecida una posible relaci\u00f3n, nuestro experimentado equipo local se asegura de que el contacto con la persona o [&hellip;]<\/p>\n","protected":false},"author":1,"featured_media":0,"parent":0,"menu_order":14,"comment_status":"closed","ping_status":"closed","template":"","meta":{"footnotes":""},"class_list":["post-657","page","type-page","status-publish","hentry"],"_links":{"self":[{"href":"https:\/\/myrootsconsulting.com\/es\/wp-json\/wp\/v2\/pages\/657","targetHints":{"allow":["GET"]}}],"collection":[{"href":"https:\/\/myrootsconsulting.com\/es\/wp-json\/wp\/v2\/pages"}],"about":[{"href":"https:\/\/myrootsconsulting.com\/es\/wp-json\/wp\/v2\/types\/page"}],"author":[{"embeddable":true,"href":"https:\/\/myrootsconsulting.com\/es\/wp-json\/wp\/v2\/users\/1"}],"replies":[{"embeddable":true,"href":"https:\/\/myrootsconsulting.com\/es\/wp-json\/wp\/v2\/comments?post=657"}],"version-history":[{"count":0,"href":"https:\/\/myrootsconsulting.com\/es\/wp-json\/wp\/v2\/pages\/657\/revisions"}],"wp:attachment":[{"href":"https:\/\/myrootsconsulting.com\/es\/wp-json\/wp\/v2\/media?parent=657"}],"curies":[{"name":"wp","href":"https:\/\/api.w.org\/{rel}","templated":true}]}}