{"id":619,"date":"2025-09-09T08:26:53","date_gmt":"2025-09-09T08:26:53","guid":{"rendered":"https:\/\/myrootsconsulting.com\/modulo-3-adoptados-de-sri-lanka-internacional\/"},"modified":"2025-09-09T08:26:53","modified_gmt":"2025-09-09T08:26:53","slug":"modulo-3-adoptados-de-sri-lanka-internacional","status":"publish","type":"page","link":"https:\/\/myrootsconsulting.com\/es\/modulo-3-adoptados-de-sri-lanka-internacional\/","title":{"rendered":"M\u00f3dulo 3: Adoptados de Sri Lanka &#8211; Internacional"},"content":{"rendered":"<p>El contacto inicial y la consulta inicial suelen tener lugar por videoconferencia. A esto le sigue un an\u00e1lisis de los documentos disponibles y una investigaci\u00f3n exhaustiva del ADN, tambi\u00e9n en l\u00ednea.<\/p>\n<p>El siguiente paso es realizar investigaciones administrativas en el pa\u00eds de origen, Sri Lanka, para identificar a la persona buscada bas\u00e1ndose en el certificado de nacimiento original. Tambi\u00e9n ofrecemos asesoramiento individual e informaci\u00f3n sobre la verificaci\u00f3n de parentesco, su organizaci\u00f3n y env\u00edo. Al mismo tiempo, acompa\u00f1amos la preparaci\u00f3n psicosocial para los posibles resultados de la b\u00fasqueda. Nuestro equipo local se asegura de que se establece un contacto cuidadoso con la persona o familia encontrada, le proporciona informaci\u00f3n exhaustiva y, si es necesario, lleva a cabo una comprobaci\u00f3n de la relaci\u00f3n.<\/p>\n<h3>Servicio adicional: Preparaci\u00f3n y contacto inicial<\/h3>\n<p>Una vez confirmada la relaci\u00f3n, preparamos cuidadosamente la reuni\u00f3n. Esto incluye preparar a la persona adoptada para la cultura y el viaje a Sri Lanka, as\u00ed como sensibilizar y apoyar a la familia local a trav\u00e9s de nuestro equipo. El equipo proporciona apoyo y traducci\u00f3n durante la reuni\u00f3n. Despu\u00e9s, tambi\u00e9n apoyamos el seguimiento de las familias en Sri Lanka. El equipo habla las lenguas locales, adem\u00e1s de ingl\u00e9s y alem\u00e1n.<\/p>\n<h3>Contacta con nosotros<\/h3>\n<p>Correo electr\u00f3nico: <a href=\"mailto:info@myrootsconsulting.com\">info@myrootsconsulting.com<\/a><br \/>\nSi quieres saber m\u00e1s sobre nuestros servicios o concertar una consulta inicial, estaremos encantados de escucharte en cualquier momento.<\/p>\n","protected":false},"excerpt":{"rendered":"<p>El contacto inicial y la consulta inicial suelen tener lugar por videoconferencia. A esto le sigue un an\u00e1lisis de los documentos disponibles y una investigaci\u00f3n exhaustiva del ADN, tambi\u00e9n en l\u00ednea. El siguiente paso es realizar investigaciones administrativas en el pa\u00eds de origen, Sri Lanka, para identificar a la persona buscada bas\u00e1ndose en el certificado [&hellip;]<\/p>\n","protected":false},"author":1,"featured_media":0,"parent":0,"menu_order":13,"comment_status":"closed","ping_status":"closed","template":"","meta":{"footnotes":""},"class_list":["post-619","page","type-page","status-publish","hentry"],"_links":{"self":[{"href":"https:\/\/myrootsconsulting.com\/es\/wp-json\/wp\/v2\/pages\/619","targetHints":{"allow":["GET"]}}],"collection":[{"href":"https:\/\/myrootsconsulting.com\/es\/wp-json\/wp\/v2\/pages"}],"about":[{"href":"https:\/\/myrootsconsulting.com\/es\/wp-json\/wp\/v2\/types\/page"}],"author":[{"embeddable":true,"href":"https:\/\/myrootsconsulting.com\/es\/wp-json\/wp\/v2\/users\/1"}],"replies":[{"embeddable":true,"href":"https:\/\/myrootsconsulting.com\/es\/wp-json\/wp\/v2\/comments?post=619"}],"version-history":[{"count":0,"href":"https:\/\/myrootsconsulting.com\/es\/wp-json\/wp\/v2\/pages\/619\/revisions"}],"wp:attachment":[{"href":"https:\/\/myrootsconsulting.com\/es\/wp-json\/wp\/v2\/media?parent=619"}],"curies":[{"name":"wp","href":"https:\/\/api.w.org\/{rel}","templated":true}]}}