{"id":572,"date":"2025-09-09T08:24:39","date_gmt":"2025-09-09T08:24:39","guid":{"rendered":"https:\/\/myrootsconsulting.com\/modulo-2-adoptados-en-suiza-procedentes-de-otros-paises-de-origen\/"},"modified":"2025-09-09T08:24:39","modified_gmt":"2025-09-09T08:24:39","slug":"modulo-2-adoptados-en-suiza-procedentes-de-otros-paises-de-origen","status":"publish","type":"page","link":"https:\/\/myrootsconsulting.com\/es\/modulo-2-adoptados-en-suiza-procedentes-de-otros-paises-de-origen\/","title":{"rendered":"M\u00f3dulo 2: Adoptados en Suiza procedentes de otros pa\u00edses de origen"},"content":{"rendered":"<p>(modelo adaptado, seg\u00fan el concepto de 5 fases)<\/p>\n<h3>Fase 1: Establecimiento de contacto y planificaci\u00f3n del proceso<\/h3>\n<p>En esta primera fase, aclaramos juntos la historia individual de la adopci\u00f3n, hablamos de las expectativas y formulamos objetivos concretos. Juntos determinamos los siguientes pasos y organizamos el curso posterior de forma que se refuercen los recursos personales y se fomente la responsabilidad personal en el proceso.<\/p>\n<h3>Fase 2: B\u00fasqueda de documentos en Suiza<\/h3>\n<p>En esta fase, se investigan sistem\u00e1ticamente y se analizan cuidadosamente los documentos de adopci\u00f3n disponibles en Suiza. Colaboramos estrechamente con las autoridades competentes y coordinamos todos los pasos necesarios para garantizar un conjunto completo de documentos.<\/p>\n<h3>Fase 3: Inicio de la b\u00fasqueda y preparaci\u00f3n<\/h3>\n<p>Proporcionamos apoyo para iniciar la b\u00fasqueda a trav\u00e9s de las autoridades cantonales pertinentes y\/o coordinamos la remisi\u00f3n a socios externos. Tambi\u00e9n asesoramos y apoyamos a las personas adoptadas durante todo el proceso de b\u00fasqueda en su pa\u00eds de origen. Se presta especial atenci\u00f3n a la preparaci\u00f3n psicosocial para los posibles resultados de la b\u00fasqueda.<\/p>\n<h3>Fase 4: Preparaci\u00f3n y contacto inicial<\/h3>\n<p>Tras un resultado satisfactorio de la b\u00fasqueda, apoyamos la preparaci\u00f3n del primer contacto con la familia encontrada. Una vez confirmada la relaci\u00f3n, hacemos preparativos exhaustivos para la reuni\u00f3n: Esto incluye la preparaci\u00f3n psicosocial de la persona adoptada para la cultura y el viaje a su pa\u00eds de origen.<\/p>\n<h3>Fase 5: Seguimiento y evaluaci\u00f3n<\/h3>\n<p>En esta fase, proporcionamos apoyo en el procesamiento de los resultados de la b\u00fasqueda, acompa\u00f1amos el procesamiento de las aclaraciones y los nuevos hallazgos que han surgido de la b\u00fasqueda de or\u00edgenes. Al hacerlo, apoyamos la exploraci\u00f3n de diferentes identidades o la situaci\u00f3n de tener dos familias. Te ayudamos a establecer cuidadosamente un contacto sostenible y evaluamos juntos tu estado personal. Si es necesario, tambi\u00e9n podemos asesorar sobre la formulaci\u00f3n de declaraciones o consultas a las autoridades cantonales.<\/p>\n","protected":false},"excerpt":{"rendered":"<p>(modelo adaptado, seg\u00fan el concepto de 5 fases) Fase 1: Establecimiento de contacto y planificaci\u00f3n del proceso En esta primera fase, aclaramos juntos la historia individual de la adopci\u00f3n, hablamos de las expectativas y formulamos objetivos concretos. Juntos determinamos los siguientes pasos y organizamos el curso posterior de forma que se refuercen los recursos personales [&hellip;]<\/p>\n","protected":false},"author":1,"featured_media":0,"parent":0,"menu_order":12,"comment_status":"closed","ping_status":"closed","template":"","meta":{"footnotes":""},"class_list":["post-572","page","type-page","status-publish","hentry"],"_links":{"self":[{"href":"https:\/\/myrootsconsulting.com\/es\/wp-json\/wp\/v2\/pages\/572","targetHints":{"allow":["GET"]}}],"collection":[{"href":"https:\/\/myrootsconsulting.com\/es\/wp-json\/wp\/v2\/pages"}],"about":[{"href":"https:\/\/myrootsconsulting.com\/es\/wp-json\/wp\/v2\/types\/page"}],"author":[{"embeddable":true,"href":"https:\/\/myrootsconsulting.com\/es\/wp-json\/wp\/v2\/users\/1"}],"replies":[{"embeddable":true,"href":"https:\/\/myrootsconsulting.com\/es\/wp-json\/wp\/v2\/comments?post=572"}],"version-history":[{"count":0,"href":"https:\/\/myrootsconsulting.com\/es\/wp-json\/wp\/v2\/pages\/572\/revisions"}],"wp:attachment":[{"href":"https:\/\/myrootsconsulting.com\/es\/wp-json\/wp\/v2\/media?parent=572"}],"curies":[{"name":"wp","href":"https:\/\/api.w.org\/{rel}","templated":true}]}}