{"id":546,"date":"2025-09-09T08:23:48","date_gmt":"2025-09-09T08:23:48","guid":{"rendered":"https:\/\/myrootsconsulting.com\/modulo-1-personas-adoptadas-de-sri-lanka-en-suiza\/"},"modified":"2025-09-09T08:23:48","modified_gmt":"2025-09-09T08:23:48","slug":"modulo-1-personas-adoptadas-de-sri-lanka-en-suiza","status":"publish","type":"page","link":"https:\/\/myrootsconsulting.com\/es\/modulo-1-personas-adoptadas-de-sri-lanka-en-suiza\/","title":{"rendered":"M\u00f3dulo 1: Personas adoptadas de Sri Lanka en Suiza"},"content":{"rendered":"<p>(Apoyo seg\u00fan el concepto de 5 fases)<\/p>\n<h3>Fase 1: Establecimiento de contacto y planificaci\u00f3n del proceso<\/h3>\n<p>En esta primera fase, aclaramos juntos la historia individual de la adopci\u00f3n,<br \/>\ndiscutimos las expectativas y formulamos objetivos concretos. Juntos determinamos los siguientes pasos y organizamos el curso posterior de forma que se refuercen los recursos personales y se fomente la responsabilidad personal en el proceso.<\/p>\n<h3>Fase 2: B\u00fasqueda de documentos en Suiza<\/h3>\n<p>En esta fase, se investigan sistem\u00e1ticamente y se analizan cuidadosamente los documentos de adopci\u00f3n disponibles en Suiza. Colaboramos estrechamente con las autoridades competentes y coordinamos todos los pasos necesarios para garantizar un conjunto completo de documentos.<\/p>\n<h3>Fase 3: Aclaraciones en Sri Lanka<\/h3>\n<p>Las investigaciones administrativas se realizan directamente en el pa\u00eds de origen. Esto incluye identificar a la persona buscada bas\u00e1ndose en la partida de nacimiento original y proporcionar asesoramiento e informaci\u00f3n sobre las pruebas de ADN. Para esta investigaci\u00f3n, My Roots Consulting cuenta con su propio equipo sobre el terreno en Sri Lanka, que tiene una amplia experiencia y un historial probado en el rastreo de procedencias. El equipo habla las lenguas locales, adem\u00e1s de ingl\u00e9s y alem\u00e1n.<\/p>\n<h3>Fase 4: Preparaci\u00f3n y contacto inicial<\/h3>\n<p>En esta fase, acompa\u00f1amos la preparaci\u00f3n psicosocial para los posibles resultados de la b\u00fasqueda y apoyamos el establecimiento cauteloso de contacto con la persona buscada. Si se confirma la relaci\u00f3n, preparamos cuidadosamente la reuni\u00f3n: Esto incluye preparar a la persona adoptada para la cultura y el viaje a Sri Lanka, as\u00ed como sensibilizar a la familia local a trav\u00e9s de nuestro equipo. Tambi\u00e9n se proporciona acompa\u00f1amiento y traducci\u00f3n durante la reuni\u00f3n y seguimiento a las familias en Sri Lanka.<\/p>\n<h3>Fase 5: Seguimiento y evaluaci\u00f3n<\/h3>\n<p>Proporcionamos apoyo en el procesamiento de los resultados de la b\u00fasqueda y acompa\u00f1amos el procesamiento de los nuevos hallazgos de la b\u00fasqueda de or\u00edgenes. Les ayudamos a aceptar identidades diferentes o la situaci\u00f3n de tener dos familias. Tambi\u00e9n apoyamos el establecimiento cuidadoso de un contacto sostenible y evaluamos juntos la situaci\u00f3n personal. Si lo necesitas, tambi\u00e9n podemos ayudarte con las declaraciones o consultas a las autoridades cantonales.<\/p>\n","protected":false},"excerpt":{"rendered":"<p>(Apoyo seg\u00fan el concepto de 5 fases) Fase 1: Establecimiento de contacto y planificaci\u00f3n del proceso En esta primera fase, aclaramos juntos la historia individual de la adopci\u00f3n, discutimos las expectativas y formulamos objetivos concretos. Juntos determinamos los siguientes pasos y organizamos el curso posterior de forma que se refuercen los recursos personales y se [&hellip;]<\/p>\n","protected":false},"author":1,"featured_media":0,"parent":0,"menu_order":11,"comment_status":"closed","ping_status":"closed","template":"","meta":{"footnotes":""},"class_list":["post-546","page","type-page","status-publish","hentry"],"_links":{"self":[{"href":"https:\/\/myrootsconsulting.com\/es\/wp-json\/wp\/v2\/pages\/546","targetHints":{"allow":["GET"]}}],"collection":[{"href":"https:\/\/myrootsconsulting.com\/es\/wp-json\/wp\/v2\/pages"}],"about":[{"href":"https:\/\/myrootsconsulting.com\/es\/wp-json\/wp\/v2\/types\/page"}],"author":[{"embeddable":true,"href":"https:\/\/myrootsconsulting.com\/es\/wp-json\/wp\/v2\/users\/1"}],"replies":[{"embeddable":true,"href":"https:\/\/myrootsconsulting.com\/es\/wp-json\/wp\/v2\/comments?post=546"}],"version-history":[{"count":0,"href":"https:\/\/myrootsconsulting.com\/es\/wp-json\/wp\/v2\/pages\/546\/revisions"}],"wp:attachment":[{"href":"https:\/\/myrootsconsulting.com\/es\/wp-json\/wp\/v2\/media?parent=546"}],"curies":[{"name":"wp","href":"https:\/\/api.w.org\/{rel}","templated":true}]}}