{"id":495,"date":"2025-09-09T08:18:27","date_gmt":"2025-09-09T08:18:27","guid":{"rendered":"https:\/\/myrootsconsulting.com\/pagina-de-inicio\/"},"modified":"2025-09-24T20:08:12","modified_gmt":"2025-09-24T20:08:12","slug":"pagina-de-inicio","status":"publish","type":"page","link":"https:\/\/myrootsconsulting.com\/es\/","title":{"rendered":"P\u00e1gina de inicio"},"content":{"rendered":"\n<style type=\"text\/css\" data-created_by=\"avia_inline_auto\" id=\"style-css-av-mff39cb5-d2b77b54e718c09d991efd323ecdb82f\">\n#top .hr.hr-invisible.av-mff39cb5-d2b77b54e718c09d991efd323ecdb82f{\nheight:50px;\n}\n<\/style>\n<div  class='hr av-mff39cb5-d2b77b54e718c09d991efd323ecdb82f hr-invisible  avia-builder-el-0  el_before_av_one_half  avia-builder-el-first '><span class='hr-inner '><span class=\"hr-inner-style\"><\/span><\/span><\/div>\n<div  class='flex_column av-1lklx-e4a0f7f733d713f53304236e4e003b8c av_one_half  avia-builder-el-1  el_after_av_hr  el_before_av_one_half  first flex_column_div  '     ><p>\n<style type=\"text\/css\" data-created_by=\"avia_inline_auto\" id=\"style-css-av-mfl1h8uu-dd0c6a64e85fb6d9cbbdb4420ecf899e\">\n.avia-image-container.av-mfl1h8uu-dd0c6a64e85fb6d9cbbdb4420ecf899e img.avia_image{\nbox-shadow:none;\n}\n.avia-image-container.av-mfl1h8uu-dd0c6a64e85fb6d9cbbdb4420ecf899e .av-image-caption-overlay-center{\ncolor:#ffffff;\n}\n<\/style>\n<div  class='avia-image-container av-mfl1h8uu-dd0c6a64e85fb6d9cbbdb4420ecf899e av-styling- avia-align-center  avia-builder-el-2  el_before_av_textblock  avia-builder-el-first  av-desktop-hide av-medium-hide'   itemprop=\"image\" itemscope=\"itemscope\" itemtype=\"https:\/\/schema.org\/ImageObject\" ><div class=\"avia-image-container-inner\"><div class=\"avia-image-overlay-wrap\"><img decoding=\"async\" fetchpriority=\"high\" class='wp-image-472 avia-img-lazy-loading-not-472 avia_image ' src=\"https:\/\/myrootsconsulting.com\/wp-content\/uploads\/2025\/09\/walk_mobile.jpg\" alt='Imagen del s\u00edmbolo AI: Madre e hija' title='walk_mobile'  height=\"588\" width=\"800\"  itemprop=\"thumbnailUrl\" srcset=\"https:\/\/myrootsconsulting.com\/wp-content\/uploads\/2025\/09\/walk_mobile.jpg 800w, https:\/\/myrootsconsulting.com\/wp-content\/uploads\/2025\/09\/walk_mobile-300x221.jpg 300w, https:\/\/myrootsconsulting.com\/wp-content\/uploads\/2025\/09\/walk_mobile-768x564.jpg 768w, https:\/\/myrootsconsulting.com\/wp-content\/uploads\/2025\/09\/walk_mobile-705x518.jpg 705w, https:\/\/myrootsconsulting.com\/wp-content\/uploads\/2025\/09\/walk_mobile-450x331.jpg 450w, https:\/\/myrootsconsulting.com\/wp-content\/uploads\/2025\/09\/walk_mobile-600x441.jpg 600w\" sizes=\"(max-width: 800px) 100vw, 800px\" \/><\/div><\/div><\/div><br \/>\n<section  class='av_textblock_section av-mfca3hhy-0d30adeb0ad4f1861f3d4caddec8a793 '   itemscope=\"itemscope\" itemtype=\"https:\/\/schema.org\/CreativeWork\" ><div class='avia_textblock'  itemprop=\"text\" ><blockquote>\n<p>Detr\u00e1s de cada adopci\u00f3n hay una historia de vida \u00fanica, llena de preguntas sin respuesta, anhelos profundos y el deseo de claridad.<\/p>\n<\/blockquote>\n<p>Los obst\u00e1culos suelen ser especialmente altos en el caso de los procedimientos de adopci\u00f3n ilegales: falta de informaci\u00f3n, detalles contradictorios, incertidumbres estresantes.<\/p>\n<blockquote>\n<p>Conocemos este camino, porque nosotros mismos lo hemos recorrido.<\/p>\n<\/blockquote>\n<p>My Roots Consulting est\u00e1 a tu lado, con consejos emp\u00e1ticos, apoyo honesto y una gran experiencia.<\/p>\n<p>A tu ritmo, a la altura de los ojos y con el coraz\u00f3n abierto.<\/p>\n<p>Si buscas tus ra\u00edces, quieres comprender tu historia o simplemente quieres que te vean y te escuchen, estamos aqu\u00ed para ti.<\/p>\n<blockquote>\n<p>Nuestro objetivo es fortalecerte, para que puedas continuar tu camino con autodeterminaci\u00f3n, claridad y vigor renovado.<\/p>\n<\/blockquote>\n<\/div><\/section><\/p><\/div><div  class='flex_column av-b33d1-53768260a00c373adfd922ec1d9086f7 av_one_half  avia-builder-el-4  el_after_av_one_half  el_before_av_one_full  flex_column_div  '     ><style type=\"text\/css\" data-created_by=\"avia_inline_auto\" id=\"style-css-av-mfmyni0h-568b4fe9e55e9838d026735b27c7b8d7\">\n.avia-image-container.av-mfmyni0h-568b4fe9e55e9838d026735b27c7b8d7 img.avia_image{\nbox-shadow:none;\n}\n.avia-image-container.av-mfmyni0h-568b4fe9e55e9838d026735b27c7b8d7 .av-image-caption-overlay-center{\ncolor:#ffffff;\n}\n<\/style>\n<div  class='avia-image-container av-mfmyni0h-568b4fe9e55e9838d026735b27c7b8d7 av-styling- avia-align-center  avia-builder-el-5  avia-builder-el-no-sibling  av-small-hide av-mini-hide'   itemprop=\"image\" itemscope=\"itemscope\" itemtype=\"https:\/\/schema.org\/ImageObject\" ><div class=\"avia-image-container-inner\"><div class=\"avia-image-overlay-wrap\"><img decoding=\"async\" fetchpriority=\"high\" class='wp-image-381 avia-img-lazy-loading-not-381 avia_image ' src=\"https:\/\/myrootsconsulting.com\/wp-content\/uploads\/2025\/09\/walk.jpg\" alt='Imagen del s\u00edmbolo AI: Madre e hija' title='walk'  height=\"1120\" width=\"800\"  itemprop=\"thumbnailUrl\" srcset=\"https:\/\/myrootsconsulting.com\/wp-content\/uploads\/2025\/09\/walk.jpg 800w, https:\/\/myrootsconsulting.com\/wp-content\/uploads\/2025\/09\/walk-214x300.jpg 214w, https:\/\/myrootsconsulting.com\/wp-content\/uploads\/2025\/09\/walk-736x1030.jpg 736w, https:\/\/myrootsconsulting.com\/wp-content\/uploads\/2025\/09\/walk-768x1075.jpg 768w, https:\/\/myrootsconsulting.com\/wp-content\/uploads\/2025\/09\/walk-504x705.jpg 504w, https:\/\/myrootsconsulting.com\/wp-content\/uploads\/2025\/09\/walk-450x630.jpg 450w, https:\/\/myrootsconsulting.com\/wp-content\/uploads\/2025\/09\/walk-600x840.jpg 600w\" sizes=\"(max-width: 800px) 100vw, 800px\" \/><\/div><\/div><\/div><\/div><\/p>\n<div  class='flex_column av-7g3b9-fefe2f9d6260da06505d67793c0adace av_one_full  avia-builder-el-6  el_after_av_one_half  avia-builder-el-last  first flex_column_div  column-top-margin'     ><section  class='av_textblock_section av-mfcqkyoo-81e8ede0a3c624690a12a2054bb34959 '   itemscope=\"itemscope\" itemtype=\"https:\/\/schema.org\/CreativeWork\" ><div class='avia_textblock'  itemprop=\"text\" ><h1>Oferta<\/h1>\n<p>Nuestros m\u00f3dulos de asesoramiento de un vistazo<\/p>\n<ul>\n<li><a title=\"Enlace permanente a: M\u00f3dulo 1: Personas adoptadas de Sri Lanka en Suiza\" href=\"https:\/\/myrootsconsulting.com\/es\/modulo-1-personas-adoptadas-de-sri-lanka-en-suiza\/\" rel=\"bookmark\">M\u00f3dulo 1: Personas adoptadas de Sri Lanka en Suiza<\/a><\/li>\n<li><a title=\"Enlace permanente a: M\u00f3dulo 2: Adoptados en Suiza procedentes de otros pa\u00edses de origen\" href=\"https:\/\/myrootsconsulting.com\/es\/modulo-2-adoptados-en-suiza-procedentes-de-otros-paises-de-origen\/\" rel=\"bookmark\">M\u00f3dulo 2: Adoptados en Suiza procedentes de otros pa\u00edses de origen<\/a><\/li>\n<li><a title=\"Enlace permanente a: M\u00f3dulo 3: Adoptados de Sri Lanka - Internacional\" href=\"https:\/\/myrootsconsulting.com\/es\/modulo-3-adoptados-de-sri-lanka-internacional\/\" rel=\"bookmark\">M\u00f3dulo 3: Adoptados de Sri Lanka &#8211; Internacional<\/a><\/li>\n<li><a title=\"Enlace permanente a: M\u00f3dulo 4: Asesoramiento y educaci\u00f3n sobre la confirmaci\u00f3n del parentesco en Sri Lanka mediante pruebas de ADN\" href=\"https:\/\/myrootsconsulting.com\/es\/modulo-4-asesoramiento-y-educacion-sobre-la-confirmacion-del-parentesco-en-sri-lanka-mediante-pruebas-de-adn\/\" rel=\"bookmark\">M\u00f3dulo 4: Asesoramiento y educaci\u00f3n sobre la confirmaci\u00f3n del parentesco en Sri Lanka mediante pruebas de ADN<\/a><\/li>\n<li><a title=\"Enlace permanente a: En torno al nacimiento\" href=\"https:\/\/myrootsconsulting.com\/es\/en-torno-al-nacimiento\/\" rel=\"bookmark\">En torno al nacimiento<\/a><\/li>\n<\/ul>\n<\/div><\/section><\/div>\n","protected":false},"excerpt":{"rendered":"","protected":false},"author":1,"featured_media":0,"parent":0,"menu_order":1,"comment_status":"closed","ping_status":"closed","template":"","meta":{"footnotes":""},"class_list":["post-495","page","type-page","status-publish","hentry"],"_links":{"self":[{"href":"https:\/\/myrootsconsulting.com\/es\/wp-json\/wp\/v2\/pages\/495","targetHints":{"allow":["GET"]}}],"collection":[{"href":"https:\/\/myrootsconsulting.com\/es\/wp-json\/wp\/v2\/pages"}],"about":[{"href":"https:\/\/myrootsconsulting.com\/es\/wp-json\/wp\/v2\/types\/page"}],"author":[{"embeddable":true,"href":"https:\/\/myrootsconsulting.com\/es\/wp-json\/wp\/v2\/users\/1"}],"replies":[{"embeddable":true,"href":"https:\/\/myrootsconsulting.com\/es\/wp-json\/wp\/v2\/comments?post=495"}],"version-history":[{"count":26,"href":"https:\/\/myrootsconsulting.com\/es\/wp-json\/wp\/v2\/pages\/495\/revisions"}],"predecessor-version":[{"id":717,"href":"https:\/\/myrootsconsulting.com\/es\/wp-json\/wp\/v2\/pages\/495\/revisions\/717"}],"wp:attachment":[{"href":"https:\/\/myrootsconsulting.com\/es\/wp-json\/wp\/v2\/media?parent=495"}],"curies":[{"name":"wp","href":"https:\/\/api.w.org\/{rel}","templated":true}]}}